{"id":2845,"date":"2020-08-31T12:13:20","date_gmt":"2020-08-31T12:13:21","guid":{"rendered":"https:\/\/chargingshop.eu\/?post_type=product&#038;p=2845"},"modified":"2020-08-31T13:42:16","modified_gmt":"2020-08-31T13:42:16","slug":"duosida-7-kw-baerbart-opladningsstik-justerbart-8-32a-type-1-til-cee-stik","status":"publish","type":"product","link":"https:\/\/chargingshop.eu\/da\/vare\/duosida-7-kw-baerbart-opladningsstik-justerbart-8-32a-type-1-til-cee-stik\/","title":{"rendered":"DUOSIDA 7 kW b\u00e6rbart opladningsstik, justerbart 8- 32A Type 1 til CEE-stik"},"content":{"rendered":"<p><strong>DUOSIDA 7 kW b\u00e6rbart opladningsstik, justerbart 8- 32A Type 1 til CEE-stik<\/strong><\/p>\n<p><strong>Funktioner:<\/strong><\/p>\n<ul>\n<li>Opladningseffekt fra 2 kW til 7,2 kW (justerbar)<\/li>\n<li>Maks sp\u00e6nding 230V;<\/li>\n<li>Str\u00f8mstyrke 8A, 10A, 13A, 16A, 32A (kan justeres p\u00e5 adapterens display);<\/li>\n<li>Bilstik TYPE1;<\/li>\n<li>Milj\u00f8beskyttelsesklasse &#8211; IP55 bekl\u00e6dning af gummi \/ plast;<\/li>\n<li>str\u00f8mforsyning &#8211; 32A en fase;<\/li>\n<li>Str\u00f8mforsyningsstik temperaturf\u00f8ler (temperatur kan ses p\u00e5 displayet);<\/li>\n<li>Opladehastighed (vises p\u00e5 displayet)<\/li>\n<li>Kabell\u00e6ngde 5 meter.<\/li>\n<li>Driftstemperaturomr\u00e5de -30 \u00b0 C til + 50 \u00b0 C<\/li>\n<li>Producent &#8211; DUOSIDA (Kina)<\/li>\n<\/ul>\n","protected":false},"excerpt":{"rendered":"<p>DUOSIDA 7 kW b\u00e6rbar og justerbar opladning TYPE1-stik. G\u00f8r det muligt at oplade elbilen fra husstandens 32A stikkontakt i en fase. Om n\u00f8dvendigt kan ladestr\u00f8mmen reduceres i tilf\u00e6lde af utilstr\u00e6kkelig str\u00f8m ved den elektriske indgang eller i tilf\u00e6lde af en gammel og up\u00e5lidelig elektrisk installation. For eksempel, n\u00e5r alle elektriske apparater i hjemmet bruges (i spidsbelastningstimer), kan ladestr\u00f8mmen reduceres, og n\u00e5r du har brug for at oplade en elbil hurtigt, kan du bruge denne oplader op til 7,2 kW og 32A ladestr\u00f8m.<\/p>\n","protected":false},"featured_media":2851,"comment_status":"open","ping_status":"closed","template":"","meta":[],"product_brand":[],"product_cat":[252],"product_tag":[],"class_list":{"0":"post-2845","1":"product","2":"type-product","3":"status-publish","4":"has-post-thumbnail","6":"product_cat-tilbehoer-opladningskabel","8":"first","9":"instock","10":"taxable","11":"shipping-taxable","12":"purchasable","13":"product-type-simple"},"_links":{"self":[{"href":"https:\/\/chargingshop.eu\/da\/wp-json\/wp\/v2\/product\/2845","targetHints":{"allow":["GET"]}}],"collection":[{"href":"https:\/\/chargingshop.eu\/da\/wp-json\/wp\/v2\/product"}],"about":[{"href":"https:\/\/chargingshop.eu\/da\/wp-json\/wp\/v2\/types\/product"}],"replies":[{"embeddable":true,"href":"https:\/\/chargingshop.eu\/da\/wp-json\/wp\/v2\/comments?post=2845"}],"wp:featuredmedia":[{"embeddable":true,"href":"https:\/\/chargingshop.eu\/da\/wp-json\/wp\/v2\/media\/2851"}],"wp:attachment":[{"href":"https:\/\/chargingshop.eu\/da\/wp-json\/wp\/v2\/media?parent=2845"}],"wp:term":[{"taxonomy":"product_brand","embeddable":true,"href":"https:\/\/chargingshop.eu\/da\/wp-json\/wp\/v2\/product_brand?post=2845"},{"taxonomy":"product_cat","embeddable":true,"href":"https:\/\/chargingshop.eu\/da\/wp-json\/wp\/v2\/product_cat?post=2845"},{"taxonomy":"product_tag","embeddable":true,"href":"https:\/\/chargingshop.eu\/da\/wp-json\/wp\/v2\/product_tag?post=2845"}],"curies":[{"name":"wp","href":"https:\/\/api.w.org\/{rel}","templated":true}]}}