{"id":2414,"date":"2020-06-08T08:03:35","date_gmt":"2020-06-08T08:03:35","guid":{"rendered":"https:\/\/chargingshop.eu\/?post_type=product&#038;p=2414"},"modified":"2025-06-22T03:24:22","modified_gmt":"2025-06-22T03:24:22","slug":"ensto-efiller-11-kw-3x16a-380v-stik","status":"publish","type":"product","link":"https:\/\/chargingshop.eu\/da\/vare\/ensto-efiller-11-kw-3x16a-380v-stik\/","title":{"rendered":"ENSTO eFiller &#8211; 11 kW (3x16A) med 380v stik"},"content":{"rendered":"<p><strong><span style=\"color: #333333;\">ENSTO eFiller 11kW med 380v stik<\/span><\/strong><\/p>\n<div>\n<div><\/div>\n<div>Intet behov for elektrisk installation, n\u00e5r du har 380v 5-polet stikkontakt (se produktbillede)<\/div>\n<div><\/div>\n<\/div>\n<div><strong>Ideel til ethvert milj\u00f8<\/strong><\/div>\n<div><\/div>\n<ul>\n<li>Kraftig (11 kW) trefaset opladning<\/li>\n<li>Lave livscyklusomkostninger<\/li>\n<li>Perfekt til opladning til hjemmet eller endda til fl\u00e5de for erhvervskunder<\/li>\n<\/ul>\n<div><\/div>\n<div><strong>V\u00e6rdi fra elegance og holdbarhed<\/strong><\/div>\n<div><\/div>\n<ul>\n<li>Stilfuldt skandinavisk design<\/li>\n<li>Industrielle komponenter i h\u00f8j kvalitet med elegant og robust aluminiumsstruktur<\/li>\n<li>I fuld overensstemmelse med europ\u00e6iske forskrifter<\/li>\n<\/ul>\n<div><\/div>\n<div><strong>Nyd en brugervenlig oplevelse<\/strong><\/div>\n<div><\/div>\n<ul>\n<li>S\u00e6t et kabel &amp; opladning for en nem opladningsoplevelse<\/li>\n<li>Kabell\u00e6ngde &#8211; 4,5 meter<\/li>\n<\/ul>\n","protected":false},"excerpt":{"rendered":"<p>ENSTO eFiller (model EVH050.02H) &#8211; et kompakt v\u00e6gmonteret ladepunkt med fast ladekabel. Stilfuldt og holdbart design, specielt velegnet til enkel opladning til hjemmet, n\u00e5r det ikke er n\u00f8dvendigt med indbygget overstr\u00f8m og reststr\u00f8mbeskyttelse eller link til backend-systemer.<\/p>\n","protected":false},"featured_media":2418,"comment_status":"open","ping_status":"closed","template":"","meta":[],"product_brand":[],"product_cat":[189],"product_tag":[],"class_list":{"0":"post-2414","1":"product","2":"type-product","3":"status-publish","4":"has-post-thumbnail","6":"product_cat-wallbox-ladestationer-da","7":"pa_brand-ensto-da","9":"first","10":"instock","11":"taxable","12":"shipping-taxable","13":"purchasable","14":"product-type-simple"},"_links":{"self":[{"href":"https:\/\/chargingshop.eu\/da\/wp-json\/wp\/v2\/product\/2414","targetHints":{"allow":["GET"]}}],"collection":[{"href":"https:\/\/chargingshop.eu\/da\/wp-json\/wp\/v2\/product"}],"about":[{"href":"https:\/\/chargingshop.eu\/da\/wp-json\/wp\/v2\/types\/product"}],"replies":[{"embeddable":true,"href":"https:\/\/chargingshop.eu\/da\/wp-json\/wp\/v2\/comments?post=2414"}],"wp:featuredmedia":[{"embeddable":true,"href":"https:\/\/chargingshop.eu\/da\/wp-json\/wp\/v2\/media\/2418"}],"wp:attachment":[{"href":"https:\/\/chargingshop.eu\/da\/wp-json\/wp\/v2\/media?parent=2414"}],"wp:term":[{"taxonomy":"product_brand","embeddable":true,"href":"https:\/\/chargingshop.eu\/da\/wp-json\/wp\/v2\/product_brand?post=2414"},{"taxonomy":"product_cat","embeddable":true,"href":"https:\/\/chargingshop.eu\/da\/wp-json\/wp\/v2\/product_cat?post=2414"},{"taxonomy":"product_tag","embeddable":true,"href":"https:\/\/chargingshop.eu\/da\/wp-json\/wp\/v2\/product_tag?post=2414"}],"curies":[{"name":"wp","href":"https:\/\/api.w.org\/{rel}","templated":true}]}}