{"id":2341,"date":"2020-05-06T12:01:06","date_gmt":"2020-05-06T12:01:06","guid":{"rendered":"https:\/\/chargingshop.eu\/?post_type=product&#038;p=2341"},"modified":"2025-06-22T03:22:15","modified_gmt":"2025-06-22T03:22:15","slug":"abb-terra-dc-wallbox-24-kw-ccs2-chademo","status":"publish","type":"product","link":"https:\/\/chargingshop.eu\/da\/vare\/abb-terra-dc-wallbox-24-kw-ccs2-chademo\/","title":{"rendered":"ABB Terra DC Wallbox 24 kW CCS2 + Chademo"},"content":{"rendered":"<p><strong>ABB Terra DC Wallbox 24 kW med to stik &#8211; CCS2 + Chademo med 3,5 m kabel (model &#8211; 6AGC077814)<\/strong><\/p>\n<h3 class=\"p1\"><em>DC wallbox foretr\u00e6kkes frem for AC wallbox<\/em><\/h3>\n<p class=\"p1\">Ved opladning med vekselstr\u00f8msudstyr er ladestyrken ofte begr\u00e6nset af EV&#8217;s ombordkonverter. Ombordkonvertere er normalt bed\u00f8mt med 3 til 7 kW. Enhver ekstra str\u00f8m, som AC-ladestationen kunne give, forbliver ubrugt. Med DC-wallbox leveres 24 kW spids DC-str\u00f8m direkte til batteriet, hvilket forbig\u00e5r begr\u00e6nsningerne i EV&#8217;s ombordkonverter. Med Terra DC Wallbox kan du sikre 24 kW str\u00f8mforsyning uanset hvilken EV-model, der oplades, og om den har vekselstr\u00f8msomformer eller ej.<\/p>\n<h3 class=\"p1\"><em>Intelligent design: kompakt, praktisk, tilsluttet<\/em><\/h3>\n<p>\u2022 Pladsbesparelser med let at installere design<\/p>\n<p>\u2022 Brugervenlig gr\u00e6nseflade til praktisk opladning med 7 tommer LCD-ber\u00f8ringssk\u00e6rmsdisplay<\/p>\n<p>\u2022 Bred vifte af tilslutningsmuligheder<\/p>\n<h3 class=\"p1\"><em>Futurbeskyttelse: ROI maksimeret<\/em><\/h3>\n<p>\u2022 Fuldt kompatibel med aktuelle og fremtidige EV&#8217;er<\/p>\n<p>\u2022 Opdateringer til ekstern software<\/p>\n<p>\u2022 Smart funktionalitet betyder optimeret og omkostningseffektiv opladning<\/p>\n<h3 class=\"p1\"><em>Sikkerhed: indbygget beskyttelse<\/em><\/h3>\n<p>\u2022 Evalueret og testet efter de h\u00f8jeste uafh\u00e6ngige standarder<\/p>\n<p>\u2022 Sikker til brug i boligindstillinger<\/p>\n<p>\u2022 Integreret jordfejl og tripbeskyttelse<\/p>\n<p>\u2022 Udend\u00f8rs og indend\u00f8rs installation NEMA 3 &amp; IP54<\/p>\n<h3 class=\"p1\"><em>Laststyring<\/em><\/h3>\n<p>\u2022 Smart opladning via OCPP<\/p>\n<p>\u2022 Ops\u00e6tning til integration af ekstern energim\u00e5ler til dynamisk belastningsstyring<\/p>\n<p>\u2022 Klar til integration med avanceret smart bygningsenergisystem<\/p>\n<h3 class=\"p1\"><em>Indbygget sikkerhed<\/em><\/h3>\n<p>\u2022 Overstr\u00f8m<\/p>\n<p>\u2022 Oversp\u00e6nding og undersp\u00e6nding<\/p>\n<p>\u2022 Jordfejl<\/p>\n<p>\u2022 Oversp\u00e6ndingsbeskyttelse<\/p>\n<p>\u2022 PE (beskyttende jord) kontinuitetsoverv\u00e5gning<\/p>\n<p>\u2022 Beskyttelse mod l\u00e6kage str\u00f8m sk\u00e6rm<\/p>\n<h3 class=\"p1\"><em>Connectivity<\/em><\/h3>\n<p class=\"p1\">\u2022 GSM \/ 3G \/ 4G<\/p>\n<p class=\"p1\">\u2022 Ethernet<\/p>\n<p class=\"p1\">\u2022 RFID<\/p>\n<h3>Effektudgang<\/h3>\n<p class=\"p1\">\u2022\u00a00\u201322.5 kW, 24 kW (peak) \/ 60 A<\/p>\n<p class=\"p1\">\u2022 Opladningssp\u00e6nding: CCS: 150 \u2013 920 V DC<\/p>\n<p>&nbsp;<\/p>\n<p>Leveringstid: 8 uger efter ordre<\/p>\n<div>Bem\u00e6rk &#8211; stikholder (som er p\u00e5 produktbillede) er ikke inkluderet og skal bestilles separat <a href=\"https:\/\/chargingshop.eu\/product\/ccs-connector-holder\/\">her<\/a>.<\/div>\n<div><\/div>\n<div>Sokkel til montering kan bestilles separat.<\/div>\n<p>Produktbrochurer:<\/p>\n<ul>\n<li><a href=\"https:\/\/chargingshop.eu\/wp-content\/uploads\/2020\/05\/9AKK107680A3888_Terra_DC_wallbox_A5_technical_Leaflet_screen.pdf\">ABB Terra DC Wallbox brochure<\/a><\/li>\n<li><a href=\"https:\/\/chargingshop.eu\/wp-content\/uploads\/2020\/05\/9AKK107680A4480_Terra_DC_wallbox_Brochure_A4-Rev-A_screen.pdf\">ABB Terra DC Wallbox brochure 2<\/a><\/li>\n<li><a href=\"https:\/\/chargingshop.eu\/wp-content\/uploads\/2020\/05\/9AKK107680A3889_ABB_Infographic_DC_Wallbox_english_screen.pdf\">ABB Terra DC Wallbox Infographic<\/a><\/li>\n<\/ul>\n<p>&nbsp;<\/p>\n","protected":false},"excerpt":{"rendered":"<p>ABB Terra DC Wallbox 24 kW &#8211; udviklet med f\u00f8rende elbiler, der er tillid til af energileverand\u00f8rer og regeringer, Terra DC wallbox g\u00f8r hurtigopladning sikker, smart og fremtidskompatibel. St\u00f8ttet af 130 \u00e5rs innovation og et \u00e5rti med e-mobilitet, underst\u00f8tter DC wallbox den elektriske k\u00f8ret\u00f8js kontinuerlige fremskridt.<\/p>\n","protected":false},"featured_media":2347,"comment_status":"open","ping_status":"closed","template":"","meta":[],"product_brand":[],"product_cat":[291,189],"product_tag":[],"class_list":{"0":"post-2341","1":"product","2":"type-product","3":"status-publish","4":"has-post-thumbnail","6":"product_cat-dc-chargers-da","7":"product_cat-wallbox-ladestationer-da","8":"pa_brand-abb-da","10":"first","11":"outofstock","12":"sale","13":"taxable","14":"shipping-taxable","15":"purchasable","16":"product-type-simple"},"_links":{"self":[{"href":"https:\/\/chargingshop.eu\/da\/wp-json\/wp\/v2\/product\/2341","targetHints":{"allow":["GET"]}}],"collection":[{"href":"https:\/\/chargingshop.eu\/da\/wp-json\/wp\/v2\/product"}],"about":[{"href":"https:\/\/chargingshop.eu\/da\/wp-json\/wp\/v2\/types\/product"}],"replies":[{"embeddable":true,"href":"https:\/\/chargingshop.eu\/da\/wp-json\/wp\/v2\/comments?post=2341"}],"wp:featuredmedia":[{"embeddable":true,"href":"https:\/\/chargingshop.eu\/da\/wp-json\/wp\/v2\/media\/2347"}],"wp:attachment":[{"href":"https:\/\/chargingshop.eu\/da\/wp-json\/wp\/v2\/media?parent=2341"}],"wp:term":[{"taxonomy":"product_brand","embeddable":true,"href":"https:\/\/chargingshop.eu\/da\/wp-json\/wp\/v2\/product_brand?post=2341"},{"taxonomy":"product_cat","embeddable":true,"href":"https:\/\/chargingshop.eu\/da\/wp-json\/wp\/v2\/product_cat?post=2341"},{"taxonomy":"product_tag","embeddable":true,"href":"https:\/\/chargingshop.eu\/da\/wp-json\/wp\/v2\/product_tag?post=2341"}],"curies":[{"name":"wp","href":"https:\/\/api.w.org\/{rel}","templated":true}]}}