{"id":2280,"date":"2020-04-27T13:21:31","date_gmt":"2020-04-27T13:21:31","guid":{"rendered":"https:\/\/chargingshop.eu\/?post_type=product&#038;p=2280"},"modified":"2025-06-22T03:25:43","modified_gmt":"2025-06-22T03:25:43","slug":"load-guard-til-etrel-inch-pro-stationer-400a","status":"publish","type":"product","link":"https:\/\/chargingshop.eu\/da\/vare\/load-guard-til-etrel-inch-pro-stationer-400a\/","title":{"rendered":"Load guard til Etrel INCH \/ PRO stationer 400A"},"content":{"rendered":"<h2><div class=\"video video-fit mb\" style=\"padding-top:56.25%;\"><p><iframe title=\"Interactive Charging Explained\" width=\"1020\" height=\"574\" src=\"https:\/\/www.youtube.com\/embed\/kzWdPGViz6A?feature=oembed\" frameborder=\"0\" allow=\"accelerometer; autoplay; encrypted-media; gyroscope; picture-in-picture\" allowfullscreen><\/iframe><\/p>\n<\/div><\/h2>\n<p>&nbsp;<\/p>\n<h2 class=\"vc_custom_heading vc_custom_1571907671781\">MED &#8216;LOAD GUARD&#8217; &#8211; SIKKER OG OMKOSTNINGS EFFEKTIVT HJEMOPLADNING<\/h2>\n<div class=\"wpb_text_column wpb_content_element \">\n<div class=\"wpb_wrapper\">\n<p>&#8216;Load Guard&#8217; hj\u00e6lper med at forhindre overbelastning af installationen ved at s\u00e6nke ladestyrken, n\u00e5r husholdningenes forbrug topper. Ved at skifte ladetider til lavere husholdningsforbrugsperioder reducerer INCH-opladere opladningsomkostningerne.<\/p>\n<\/div>\n<h2 class=\"vc_custom_heading vc_custom_1571109147393\">LADER DIREKT FRA DIN FOTOVOLTAIK. INGEN YDERLIGERE INTEGRATIONER BEHOV<\/h2>\n<div class=\"wpb_text_column wpb_content_element \">\n<div class=\"wpb_wrapper\">\n<p>&#8216;Load Guard&#8217; m\u00e5ler elektrisk str\u00f8m i begge retninger, den er i stand til at registrere det overskud, der genereres af lokale vedvarende energikilder, f.eks. solceller. Gr\u00f8n energi kan bruges til hurtigere og billigere opladning takket v\u00e6re algoritmer i INCH-ladestationer.<\/p>\n<h2 class=\"vc_custom_heading vc_custom_1571109147393\">INTELLIGENT OPLADNING L\u00d8SNING FORH\u00c6NDER OVERLASTNINGER VED AT JUSTERE BILOPLADNINGSKRAFT I REAL TID<\/h2>\n<p>Smart m\u00e5leenhed overv\u00e5ger bygningens forbrug. Opladningskraft justeres dynamisk for at holde sig under forbrugsgr\u00e6nsen og bevare hovedsikringen.<\/p>\n<h2 class=\"vc_custom_heading vc_custom_1571109147393\">DESIGNED IL AT ST\u00d8TTE DIN FORRETNING OGS\u00c5<\/h2>\n<p>Udvid din opladningsklynge, efterh\u00e5nden som din behov for fl\u00e5de \/ bruger \u00f8ges. Undg\u00e5 overbelastning ved automatisk at skifte ladetider fra spidsbelastningstimer og indstille den maksimale effekt for klyngen. For\u00f8g nettilslutningspunktets str\u00f8m kun n\u00e5r det er n\u00f8dvendigt.<\/p>\n<table width=\"305\">\n<tbody>\n<tr>\n<td width=\"122\"><strong>Dimension<\/strong><\/td>\n<td width=\"183\">9,1\u00a0 x 5,4 x 6,2 cm or 3 DIN rail slots<\/td>\n<\/tr>\n<tr>\n<td width=\"122\"><strong>Clamp cable length<\/strong><\/td>\n<td width=\"183\">70 cm<\/td>\n<\/tr>\n<tr>\n<td width=\"122\"><strong>Clamp diameter<\/strong><\/td>\n<td width=\"183\">Small: 16 mm, Large: 24 mm<\/td>\n<\/tr>\n<tr>\n<td width=\"122\"><strong>Connection<\/strong><\/td>\n<td width=\"183\">1-phase or 3-phase<\/td>\n<\/tr>\n<tr>\n<td width=\"122\"><strong>Max Rated Current<\/strong><\/td>\n<td width=\"183\">400A<\/td>\n<\/tr>\n<tr>\n<td width=\"122\"><strong>Communication<\/strong><\/td>\n<td width=\"183\">Ethernet<\/td>\n<\/tr>\n<tr>\n<td width=\"122\"><strong>Configuration and monitoring<\/strong><\/td>\n<td width=\"183\">Charger Web interface<\/td>\n<\/tr>\n<\/tbody>\n<\/table>\n<\/div>\n<\/div>\n<\/div>\n<p><em>Produktbrochure:<\/em><\/p>\n<p><a href=\"https:\/\/chargingshop.eu\/wp-content\/uploads\/2020\/04\/LOAD-GUARD-brochure.pdf\"><em>LOAD-GUARD-brochure.pdf<\/em><\/a><\/p>\n<p>&nbsp;<\/p>\n","protected":false},"excerpt":{"rendered":"<p>Load Guard er en sensor, der er installeret i bygningens elektriske kabinet, hvor den m\u00e5ler de elektriske str\u00f8mme og sender data i realtid til ladestationen. Det er is\u00e6r vigtigt i situationer, hvor ladestationer ikke har en dedikeret str\u00f8mforsyning, men snarere deler tilg\u00e6ngelig str\u00f8m med andre forbrugere i bygningen. INCH-ladestationer reagerer p\u00e5 modtagne data ved at reducere ladestyrken for at holde en samlet belastning af installationen under installationens nominelle v\u00e6rdi eller ved at \u00f8ge dem til at udnytte den resterende tilg\u00e6ngelige str\u00f8m til hurtigere opladning.<\/p>\n","protected":false},"featured_media":2250,"comment_status":"open","ping_status":"closed","template":"","meta":[],"product_brand":[],"product_cat":[252],"product_tag":[],"class_list":{"0":"post-2280","1":"product","2":"type-product","3":"status-publish","4":"has-post-thumbnail","6":"product_cat-tilbehoer-opladningskabel","8":"first","9":"outofstock","10":"sale","11":"taxable","12":"shipping-taxable","13":"purchasable","14":"product-type-simple"},"_links":{"self":[{"href":"https:\/\/chargingshop.eu\/da\/wp-json\/wp\/v2\/product\/2280","targetHints":{"allow":["GET"]}}],"collection":[{"href":"https:\/\/chargingshop.eu\/da\/wp-json\/wp\/v2\/product"}],"about":[{"href":"https:\/\/chargingshop.eu\/da\/wp-json\/wp\/v2\/types\/product"}],"replies":[{"embeddable":true,"href":"https:\/\/chargingshop.eu\/da\/wp-json\/wp\/v2\/comments?post=2280"}],"wp:featuredmedia":[{"embeddable":true,"href":"https:\/\/chargingshop.eu\/da\/wp-json\/wp\/v2\/media\/2250"}],"wp:attachment":[{"href":"https:\/\/chargingshop.eu\/da\/wp-json\/wp\/v2\/media?parent=2280"}],"wp:term":[{"taxonomy":"product_brand","embeddable":true,"href":"https:\/\/chargingshop.eu\/da\/wp-json\/wp\/v2\/product_brand?post=2280"},{"taxonomy":"product_cat","embeddable":true,"href":"https:\/\/chargingshop.eu\/da\/wp-json\/wp\/v2\/product_cat?post=2280"},{"taxonomy":"product_tag","embeddable":true,"href":"https:\/\/chargingshop.eu\/da\/wp-json\/wp\/v2\/product_tag?post=2280"}],"curies":[{"name":"wp","href":"https:\/\/api.w.org\/{rel}","templated":true}]}}