{"id":2192,"date":"2020-04-23T07:37:39","date_gmt":"2020-04-23T07:37:39","guid":{"rendered":"https:\/\/chargingshop.eu\/?post_type=product&#038;p=2192"},"modified":"2020-04-27T14:01:03","modified_gmt":"2020-04-27T14:01:03","slug":"elinta-citycharge-v2-2x22-kw-3g-lan-wifi-rfid-copy","status":"publish","type":"product","link":"https:\/\/chargingshop.eu\/da\/vare\/elinta-citycharge-v2-2x22-kw-3g-lan-wifi-rfid-copy\/","title":{"rendered":"ELINTA CITYCHARGE V2 PLUS &#8211; 2\u00d722 kW Type 2 kabler, 3G \/ LAN \/ Wifi \/ RFID"},"content":{"rendered":"<div><strong>ELINTA CHARGE CityCharge V2 PLUS Funktioner:<\/strong><\/div>\n<div><\/div>\n<ul>\n<li>2 x tilstand 3, type 2 kabler<\/li>\n<li>Begge sider tilg\u00e6ngelige<\/li>\n<li>Op til 2&#215;22 kW<\/li>\n<li>Oplader op til 2 k\u00f8ret\u00f8jer<\/li>\n<li>Integreret energim\u00e5ler<\/li>\n<li>Robust aluminiumskabinet<\/li>\n<li>RFID-tilladelse<\/li>\n<li>OCPP kommunikationssystem<\/li>\n<li>Lys LED-sk\u00e6rm<\/li>\n<\/ul>\n<p>ELINTA CHARGE CityCharge V2 PLUS er velegnet til enhver kommerciel eller offentlig placering. Det eksklusive design passer perfekt til forretningscentre, indk\u00f8bscentre, restauranter, hoteller og andre offentlige parkeringsomr\u00e5der.<br \/>\nELINTA CHARGE\u00a0 CityCharge V2 PLUS er klassificeret som hurtig tilstand 3 ladestation med mulighed for at oplade 2 k\u00f8ret\u00f8jer og give op til 44 kW str\u00f8m.<br \/>\nCityCharge V2 Plus er fremstillet ved hj\u00e6lp af kun materialer af h\u00f8jeste kvalitet. Det faste hus er lavet af ekstruderet CNC-bearbejdet og pulverlakeret aluminiumsdel, som var designet til at vare. Elektronik i top kvalitet med integreret klimakontrol sikrer den h\u00f8jeste p\u00e5lidelighed selv i de v\u00e6rste vejrforhold.<\/p>\n<p>Lys animeret LED-sk\u00e6rm og sidest\u00e6nger er synlige selv i direkte sollys, mens de giver futuristisk indtryk og evne til at ses fra lang afstand om natten.<br \/>\nF\u00e5s som enkeltst\u00e5ende model med en brugervenlig RFID-identifikation til lille, lokalt opladningsnetv\u00e6rk, eller det kan integreres i eksisterende opladningsnetv\u00e6rk med integreret GSM og 3G-modul.<\/p>\n","protected":false},"excerpt":{"rendered":"<div>ELINTA CHARGE CityCharge V2 Plus er en EV-oplader af poltype klassificeret som hurtig Mode 3-ladestation med mulighed for at give op til 2&#215;22 kW str\u00f8m ved hj\u00e6lp af to Type 2 kabler.<\/div>\n<p>&nbsp;<\/p>\n","protected":false},"featured_media":1645,"comment_status":"open","ping_status":"closed","template":"","meta":[],"product_brand":[],"product_cat":[201],"product_tag":[],"class_list":{"0":"post-2192","1":"product","2":"type-product","3":"status-publish","4":"has-post-thumbnail","6":"product_cat-offentlig-ladestation","7":"pa_brand-elinta-charge-da","9":"first","10":"instock","11":"taxable","12":"shipping-taxable","13":"purchasable","14":"product-type-simple"},"_links":{"self":[{"href":"https:\/\/chargingshop.eu\/da\/wp-json\/wp\/v2\/product\/2192","targetHints":{"allow":["GET"]}}],"collection":[{"href":"https:\/\/chargingshop.eu\/da\/wp-json\/wp\/v2\/product"}],"about":[{"href":"https:\/\/chargingshop.eu\/da\/wp-json\/wp\/v2\/types\/product"}],"replies":[{"embeddable":true,"href":"https:\/\/chargingshop.eu\/da\/wp-json\/wp\/v2\/comments?post=2192"}],"wp:featuredmedia":[{"embeddable":true,"href":"https:\/\/chargingshop.eu\/da\/wp-json\/wp\/v2\/media\/1645"}],"wp:attachment":[{"href":"https:\/\/chargingshop.eu\/da\/wp-json\/wp\/v2\/media?parent=2192"}],"wp:term":[{"taxonomy":"product_brand","embeddable":true,"href":"https:\/\/chargingshop.eu\/da\/wp-json\/wp\/v2\/product_brand?post=2192"},{"taxonomy":"product_cat","embeddable":true,"href":"https:\/\/chargingshop.eu\/da\/wp-json\/wp\/v2\/product_cat?post=2192"},{"taxonomy":"product_tag","embeddable":true,"href":"https:\/\/chargingshop.eu\/da\/wp-json\/wp\/v2\/product_tag?post=2192"}],"curies":[{"name":"wp","href":"https:\/\/api.w.org\/{rel}","templated":true}]}}