{"id":2182,"date":"2020-04-22T13:33:40","date_gmt":"2020-04-22T13:33:40","guid":{"rendered":"https:\/\/chargingshop.eu\/?post_type=product&#038;p=2182"},"modified":"2020-04-28T12:39:53","modified_gmt":"2020-04-28T12:39:53","slug":"etrel-inch-lite-22-kw-type-2-kabel-gra","status":"publish","type":"product","link":"https:\/\/chargingshop.eu\/da\/vare\/etrel-inch-lite-22-kw-type-2-kabel-gra\/","title":{"rendered":"Etrel INCH Lite 22 kW Type 2-kabel (gr\u00e5)"},"content":{"rendered":"<p><strong>Etrel INCH Lite 22kW (model &#8211; G-LA1Y5CY00) funktioner:<\/strong><\/p>\n<ul>\n<li>Leverer op til <strong>22 kW vekselstr\u00f8m<\/strong><\/li>\n<li><strong>Pris venlig.<\/strong> Sandsynligvis bedste pris og v\u00e6rdi oplader til dine opladningsbehov derhjemme.<\/li>\n<li><strong>Avanceret belastningskontrol.<\/strong> Load Guard-sensoren (bestilles separat) &#8211; en sensor, der g\u00e5r p\u00e5 dit sikringskort for at overv\u00e5ge den samlede aktive effekt, der bruges af hjemmet &#8211; justerer m\u00e6ngden af str\u00f8m, den giver din bil, afh\u00e6ngigt af de andre str\u00f8mkrav i dit hjem, som opvarmning. Ved at tilf\u00f8je Load Guard kan du nyde den hurtigst mulige opladning og aldrig spr\u00e6nge sikringen.<\/li>\n<li><strong>Intelligens.<\/strong> Opladeren l\u00e6rer og forudsiger din afgangstid. N\u00e5r du har travlt, skal du v\u00e6lge hurtigopladning med et fingertryk.<\/li>\n<li><strong>Power-prisvenlig.<\/strong> Indstil opladeren til at reagere, og varier opladningshastighederne, n\u00e5r str\u00f8mprisen er h\u00f8j eller lav.<\/li>\n<li>Etrel Inch Home er klar til at lede <strong>&#8216;gr\u00f8n&#8217; str\u00f8m<\/strong> til din EV, n\u00e5r din solpanel producerer mere end hjemmet har brug for.<\/li>\n<li><strong>Holdbar.<\/strong> Denne oplader er vejrbestandig og designet til at vare. Med et hus i st\u00f8bt aluminium er din oplader forberedt p\u00e5 selv de h\u00e5rdeste milj\u00f8er og inkluderer en knustfast akrylglasplade.<\/li>\n<\/ul>\n<p>Med Etrel INCH Lite har du mulighed for at oplade din bil med en hastighed p\u00e5 22 kW<\/p>\n<div><em>Tekniske specifikationer:<\/em><\/div>\n<div><\/div>\n<div><a href=\"https:\/\/chargingshop.eu\/wp-content\/uploads\/2020\/04\/Technical_Specifications_INCH_general_v1.6.pdf\" rel=\"attachment wp-att-2002\">Technical_Specifications_INCH_general_v1.6<\/a><\/div>\n<div><\/div>\n<div><\/div>\n","protected":false},"excerpt":{"rendered":"<p>Etrel INCH Lite er en af de bedste pris og v\u00e6rdi oplader til dine opladningsbehov derhjemme.<\/p>\n","protected":false},"featured_media":0,"comment_status":"open","ping_status":"closed","template":"","meta":[],"product_brand":[],"product_cat":[189],"product_tag":[],"class_list":{"0":"post-2182","1":"product","2":"type-product","3":"status-publish","5":"product_cat-wallbox-ladestationer-da","7":"first","8":"instock","9":"sale","10":"taxable","11":"shipping-taxable","12":"purchasable","13":"product-type-simple"},"_links":{"self":[{"href":"https:\/\/chargingshop.eu\/da\/wp-json\/wp\/v2\/product\/2182","targetHints":{"allow":["GET"]}}],"collection":[{"href":"https:\/\/chargingshop.eu\/da\/wp-json\/wp\/v2\/product"}],"about":[{"href":"https:\/\/chargingshop.eu\/da\/wp-json\/wp\/v2\/types\/product"}],"replies":[{"embeddable":true,"href":"https:\/\/chargingshop.eu\/da\/wp-json\/wp\/v2\/comments?post=2182"}],"wp:attachment":[{"href":"https:\/\/chargingshop.eu\/da\/wp-json\/wp\/v2\/media?parent=2182"}],"wp:term":[{"taxonomy":"product_brand","embeddable":true,"href":"https:\/\/chargingshop.eu\/da\/wp-json\/wp\/v2\/product_brand?post=2182"},{"taxonomy":"product_cat","embeddable":true,"href":"https:\/\/chargingshop.eu\/da\/wp-json\/wp\/v2\/product_cat?post=2182"},{"taxonomy":"product_tag","embeddable":true,"href":"https:\/\/chargingshop.eu\/da\/wp-json\/wp\/v2\/product_tag?post=2182"}],"curies":[{"name":"wp","href":"https:\/\/api.w.org\/{rel}","templated":true}]}}