{"id":2170,"date":"2020-04-22T12:30:33","date_gmt":"2020-04-22T12:30:33","guid":{"rendered":"https:\/\/chargingshop.eu\/?post_type=product&#038;p=2170"},"modified":"2020-04-28T14:51:56","modified_gmt":"2020-04-28T14:51:56","slug":"etrel-inch-lite-22-kw-socket-gra","status":"publish","type":"product","link":"https:\/\/chargingshop.eu\/da\/vare\/etrel-inch-lite-22-kw-socket-gra\/","title":{"rendered":"Etrel INCH Lite 22 kW socket (gr\u00e5)"},"content":{"rendered":"<p><strong>Etrel INCH Lite 22kW (model &#8211; G-LA1Y3CY00) funktioner:<\/strong><\/p>\n<ul>\n<li>Leverer <strong>op til 22 kW<\/strong> vekselstr\u00f8m<\/li>\n<li><strong>Pris venlig.<\/strong> Sandsynligvis bedste pris og v\u00e6rdi oplader til dine opladningsbehov derhjemme.<\/li>\n<li><strong>Holdbar.<\/strong> Denne oplader er vejrbestandig og designet til at vare. Med et hus i st\u00f8bt aluminium er din oplader forberedt p\u00e5 selv de h\u00e5rdeste milj\u00f8er og inkluderer en knustfast akrylglasplade.<\/li>\n<\/ul>\n<p>Med Etrel INCH Lite har du mulighed for at oplade din bil med en hastighed p\u00e5 22 kW<\/p>\n<div><em>Tekniske specifikationer:<\/em><\/div>\n<div><\/div>\n<div><a href=\"https:\/\/chargingshop.eu\/wp-content\/uploads\/2020\/04\/Technical_Specifications_INCH_general_v1.6.pdf\" rel=\"attachment wp-att-2002\">Technical_Specifications_INCH_general_v1.6<\/a><\/div>\n<div><\/div>\n<div><\/div>\n","protected":false},"excerpt":{"rendered":"<p>Etrel INCH Lite er en af de bedste pris og v\u00e6rdi oplader til dine opladningsbehov derhjemme.<\/p>\n","protected":false},"featured_media":2175,"comment_status":"open","ping_status":"closed","template":"","meta":[],"product_brand":[],"product_cat":[189],"product_tag":[],"class_list":{"0":"post-2170","1":"product","2":"type-product","3":"status-publish","4":"has-post-thumbnail","6":"product_cat-wallbox-ladestationer-da","7":"pa_brand-etrel-da","9":"first","10":"outofstock","11":"sale","12":"taxable","13":"shipping-taxable","14":"purchasable","15":"product-type-simple"},"_links":{"self":[{"href":"https:\/\/chargingshop.eu\/da\/wp-json\/wp\/v2\/product\/2170","targetHints":{"allow":["GET"]}}],"collection":[{"href":"https:\/\/chargingshop.eu\/da\/wp-json\/wp\/v2\/product"}],"about":[{"href":"https:\/\/chargingshop.eu\/da\/wp-json\/wp\/v2\/types\/product"}],"replies":[{"embeddable":true,"href":"https:\/\/chargingshop.eu\/da\/wp-json\/wp\/v2\/comments?post=2170"}],"wp:featuredmedia":[{"embeddable":true,"href":"https:\/\/chargingshop.eu\/da\/wp-json\/wp\/v2\/media\/2175"}],"wp:attachment":[{"href":"https:\/\/chargingshop.eu\/da\/wp-json\/wp\/v2\/media?parent=2170"}],"wp:term":[{"taxonomy":"product_brand","embeddable":true,"href":"https:\/\/chargingshop.eu\/da\/wp-json\/wp\/v2\/product_brand?post=2170"},{"taxonomy":"product_cat","embeddable":true,"href":"https:\/\/chargingshop.eu\/da\/wp-json\/wp\/v2\/product_cat?post=2170"},{"taxonomy":"product_tag","embeddable":true,"href":"https:\/\/chargingshop.eu\/da\/wp-json\/wp\/v2\/product_tag?post=2170"}],"curies":[{"name":"wp","href":"https:\/\/api.w.org\/{rel}","templated":true}]}}