{"id":2116,"date":"2020-04-22T09:38:49","date_gmt":"2020-04-22T09:38:50","guid":{"rendered":"https:\/\/chargingshop.eu\/?post_type=product&#038;p=2116"},"modified":"2022-10-04T09:53:14","modified_gmt":"2022-10-04T09:53:14","slug":"tesla-chademo-adapter-for-eu-tesla-model-3-s-x","status":"publish","type":"product","link":"https:\/\/chargingshop.eu\/da\/vare\/tesla-chademo-adapter-for-eu-tesla-model-3-s-x\/","title":{"rendered":"TESLA CHADEMO adapter til EU Tesla Model 3, S, X."},"content":{"rendered":"<h2>TESLA CHADEMO adapter til EU Tesla Model 3, S, X<\/h2>\n<h2>Grundl\u00e6ggende oplysninger<\/h2>\n<table class=\"woocommerce-product-attributes shop_attributes\">\n<tbody>\n<tr class=\"woocommerce-product-attributes-item woocommerce-product-attributes-item--weight\">\n<th class=\"woocommerce-product-attributes-item__label\">WEIGHT<\/th>\n<td class=\"woocommerce-product-attributes-item__value\">3.5 kg<\/td>\n<\/tr>\n<tr class=\"woocommerce-product-attributes-item woocommerce-product-attributes-item--dimensions\">\n<th class=\"woocommerce-product-attributes-item__label\">DIMENSIONS<\/th>\n<td class=\"woocommerce-product-attributes-item__value\">720 \u00d7 170 \u00d7 120 mm<\/td>\n<\/tr>\n<tr class=\"woocommerce-product-attributes-item woocommerce-product-attributes-item--attribute_pa_plug-type\">\n<th class=\"woocommerce-product-attributes-item__label\">PLUG TYPE<\/th>\n<td class=\"woocommerce-product-attributes-item__value\">IEC 62196 (Type 2-Female)<\/td>\n<\/tr>\n<tr class=\"woocommerce-product-attributes-item woocommerce-product-attributes-item--attribute_pa_power-supply-plug\">\n<th class=\"woocommerce-product-attributes-item__label\">POWER SUPPLY PLUG<\/th>\n<td class=\"woocommerce-product-attributes-item__value\">CHAdeMO<\/td>\n<\/tr>\n<tr class=\"woocommerce-product-attributes-item woocommerce-product-attributes-item--attribute_pa_degree-of-protection\">\n<th class=\"woocommerce-product-attributes-item__label\">DEGREE OF PROTECTION<\/th>\n<td class=\"woocommerce-product-attributes-item__value\">IP54<\/td>\n<\/tr>\n<tr class=\"woocommerce-product-attributes-item woocommerce-product-attributes-item--attribute_pa_vandalism-proof\">\n<th class=\"woocommerce-product-attributes-item__label\">VANDALISM-PROOF<\/th>\n<td class=\"woocommerce-product-attributes-item__value\">No<\/td>\n<\/tr>\n<tr class=\"woocommerce-product-attributes-item woocommerce-product-attributes-item--attribute_pa_housing\">\n<th class=\"woocommerce-product-attributes-item__label\">HOUSING<\/th>\n<td class=\"woocommerce-product-attributes-item__value\">Plastic<\/td>\n<\/tr>\n<tr class=\"woocommerce-product-attributes-item woocommerce-product-attributes-item--attribute_pa_cable-length\">\n<th class=\"woocommerce-product-attributes-item__label\">CABLE LENGTH<\/th>\n<td class=\"woocommerce-product-attributes-item__value\">0.2 m<\/td>\n<\/tr>\n<tr class=\"woocommerce-product-attributes-item woocommerce-product-attributes-item--attribute_adapter-length\">\n<th class=\"woocommerce-product-attributes-item__label\">ADAPTER LENGTH<\/th>\n<td class=\"woocommerce-product-attributes-item__value\">69cm<\/td>\n<\/tr>\n<tr class=\"woocommerce-product-attributes-item woocommerce-product-attributes-item--attribute_pa_manufacturer\">\n<th class=\"woocommerce-product-attributes-item__label\">MANUFACTURER<\/th>\n<td class=\"woocommerce-product-attributes-item__value\">Tesla (USA)<\/td>\n<\/tr>\n<tr class=\"woocommerce-product-attributes-item woocommerce-product-attributes-item--attribute_pa_warranty\">\n<th class=\"woocommerce-product-attributes-item__label\">WARRANTY<\/th>\n<td class=\"woocommerce-product-attributes-item__value\">12 months<\/td>\n<\/tr>\n<\/tbody>\n<\/table>\n","protected":false},"excerpt":{"rendered":"<p>TESLA CHADEMO adapter til EU Tesla er specifikt til europ\u00e6iske, australske og kinesiske versioner af disse k\u00f8ret\u00f8jer. Denne adapter er specielt designet til Model S, Model X og Model 3. Der kr\u00e6ves en separat adapter til nordamerikanske, japanske, australske og kinesiske versioner. For Model S uden Supercharge aktiveret skal indbygget hardware v\u00e6re aktiveret for at bruge CHAdeMO-adapteren. Hver ny Model S eller Model X er allerede Supercharge-aktiveret. 2019.24.1-firmware eller nyere er p\u00e5kr\u00e6vet for Model 3-kompatibilitet.<\/p>\n","protected":false},"featured_media":2139,"comment_status":"open","ping_status":"closed","template":"","meta":[],"product_brand":[],"product_cat":[492,252],"product_tag":[],"class_list":{"0":"post-2116","1":"product","2":"type-product","3":"status-publish","4":"has-post-thumbnail","6":"product_cat-ladekabler-til-elbilen","7":"product_cat-tilbehoer-opladningskabel","9":"first","10":"outofstock","11":"purchasable","12":"product-type-simple"},"_links":{"self":[{"href":"https:\/\/chargingshop.eu\/da\/wp-json\/wp\/v2\/product\/2116","targetHints":{"allow":["GET"]}}],"collection":[{"href":"https:\/\/chargingshop.eu\/da\/wp-json\/wp\/v2\/product"}],"about":[{"href":"https:\/\/chargingshop.eu\/da\/wp-json\/wp\/v2\/types\/product"}],"replies":[{"embeddable":true,"href":"https:\/\/chargingshop.eu\/da\/wp-json\/wp\/v2\/comments?post=2116"}],"wp:featuredmedia":[{"embeddable":true,"href":"https:\/\/chargingshop.eu\/da\/wp-json\/wp\/v2\/media\/2139"}],"wp:attachment":[{"href":"https:\/\/chargingshop.eu\/da\/wp-json\/wp\/v2\/media?parent=2116"}],"wp:term":[{"taxonomy":"product_brand","embeddable":true,"href":"https:\/\/chargingshop.eu\/da\/wp-json\/wp\/v2\/product_brand?post=2116"},{"taxonomy":"product_cat","embeddable":true,"href":"https:\/\/chargingshop.eu\/da\/wp-json\/wp\/v2\/product_cat?post=2116"},{"taxonomy":"product_tag","embeddable":true,"href":"https:\/\/chargingshop.eu\/da\/wp-json\/wp\/v2\/product_tag?post=2116"}],"curies":[{"name":"wp","href":"https:\/\/api.w.org\/{rel}","templated":true}]}}