{"id":2103,"date":"2020-04-16T14:55:11","date_gmt":"2020-04-16T14:55:11","guid":{"rendered":"https:\/\/chargingshop.eu\/product\/abb-terra-ac-11-kw-type-2-kabel\/"},"modified":"2020-12-21T17:15:49","modified_gmt":"2020-12-21T17:15:49","slug":"abb-terra-ac-11-kw-type-2-kabel","status":"publish","type":"product","link":"https:\/\/chargingshop.eu\/da\/vare\/abb-terra-ac-11-kw-type-2-kabel\/","title":{"rendered":"ABB Terra AC 11 kW, Type 2 kabel, RFID, Wifi"},"content":{"rendered":"<div class=\"video video-fit mb\" style=\"padding-top:56.25%;\"><p><iframe title=\"Terra AC wallbox -  High value quality\" width=\"1020\" height=\"574\" src=\"https:\/\/www.youtube.com\/embed\/ZapL_pinxY0?feature=oembed\" frameborder=\"0\" allow=\"accelerometer; autoplay; encrypted-media; gyroscope; picture-in-picture\" allowfullscreen><\/iframe><\/p>\n<\/div>\n<p><em><strong>ABB Terra AC 11 kW\u00a0 med kabel<\/strong><\/em><\/p>\n<div>\n<p><strong>H\u00f8j v\u00e6rdi kvalitet<\/strong><\/p>\n<p>\u2022 En af markedets bedste v\u00e6rdiopladere<\/p>\n<p>\u2022 Bred vifte af tilslutningsmuligheder<\/p>\n<p>\u2022 Pladsbesparende og let at installere design<\/p>\n<p><strong>Fremtidig bevis fleksibilitet<\/strong><\/p>\n<p>\u2022 Smart funktionalitet til optimeret opladning<\/p>\n<p>\u2022 Integrering af energim\u00e5ler til dynamisk belastningsstyring<\/p>\n<p>\u2022 Dedikeret app til kontrol og konfiguration<\/p>\n<p>\u2022 Ekstern softwareopdatering aktiveret<\/p>\n<p><strong>Sikkerhed og beskyttelse<\/strong><\/p>\n<p>\u2022 Evalueret og testet af uafh\u00e6ngig tredjepart for at opfylde de h\u00f8jeste standarder<\/p>\n<p>\u2022 Str\u00f8mbegr\u00e6nsende beskyttelse forhindrer mod, at gener eller udl\u00f8b af str\u00f8m for installationen<\/p>\n<p>\u2022 Integrerede beskyttelser inklusive DC-jordfejl og oversp\u00e6nding<\/p>\n<div>\n<div><\/div>\n<\/div>\n<p><img decoding=\"async\" class=\"alignleft wp-image-3224\" src=\"https:\/\/chargingshop.eu\/wp-content\/uploads\/2020\/07\/ABB-Terra-AC-dynamic-load-management-307x400.png\" alt=\"ABB Terra AC dynamic load management\" width=\"470\" height=\"612\" srcset=\"https:\/\/chargingshop.eu\/wp-content\/uploads\/2020\/07\/ABB-Terra-AC-dynamic-load-management-307x400.png 307w, https:\/\/chargingshop.eu\/wp-content\/uploads\/2020\/07\/ABB-Terra-AC-dynamic-load-management.png 422w\" sizes=\"(max-width: 470px) 100vw, 470px\" \/><\/p>\n<p><strong>Elstr\u00f8mstyring<\/strong><\/p>\n<p>\u2022 Indbygget energim\u00e5ler<\/p>\n<p>\u2022 Ops\u00e6tning til integration af ekstern energim\u00e5ler til dynamisk belastningsstyring<\/p>\n<p>\u2022 Klar til integration med avanceret smart bygningsenergisystem<\/p>\n<p>&nbsp;<\/p>\n<p><strong>Fremtidig bevis fleksibilitet <\/strong><\/p>\n<div>\n<p>\u2022 Smart funktionalitet til optimeret opladning<\/p>\n<p>\u2022 Integrering af energim\u00e5ler til dynamisk belastningsstyring<\/p>\n<p>\u2022 Dedikeret app til kontrol og konfiguration<\/p>\n<p>\u2022 Ekstern softwareopdatering aktiveret<\/p>\n<\/div>\n<\/div>\n<div><\/div>\n<div><\/div>\n<div><\/div>\n<div><\/div>\n<div><\/div>\n<div>\n<div>\n<div><\/div>\n<\/div>\n<\/div>\n<div><\/div>\n<div><\/div>\n<div><\/div>\n<div><\/div>\n<div><\/div>\n<div><\/div>\n<div>\n<div>\n<div><\/div>\n<div><\/div>\n<div><\/div>\n<div><\/div>\n<p><strong>Afgiftsplanl\u00e6gning &#8216;Peak barbering &#8216;<\/strong><\/p>\n<\/div>\n<p>&nbsp;<\/p>\n<p>\u2022 Indstil dine opladningstidsintervaller (tidsplan) for at undg\u00e5 maksimale elpriser f.eks. aftentarif<\/p>\n<p>\u2022 Mulighed for at spare 100-300 euro om \u00e5ret * p\u00e5 elregningen (underlagt lokal elpris)<\/p>\n<\/div>\n<p><strong>ChargeSync brugerapp til Terra AC-kontrol, status og konfiguration<\/strong><\/p>\n<p>Station ops\u00e6tning: <div class=\"video video-fit mb\" style=\"padding-top:56.25%;\"><p><iframe title=\"ABB Terra AC station setup\" width=\"1020\" height=\"574\" src=\"https:\/\/www.youtube.com\/embed\/9tBaVWj7mHI?feature=oembed\" frameborder=\"0\" allow=\"accelerometer; autoplay; encrypted-media; gyroscope; picture-in-picture\" allowfullscreen><\/iframe><\/p>\n<\/div>\n<p>Opladningsstatus: <div class=\"video video-fit mb\" style=\"padding-top:56.25%;\"><p><iframe title=\"ABB Terra AC APP charging process\" width=\"1020\" height=\"574\" src=\"https:\/\/www.youtube.com\/embed\/ZDbrLx06yh0?feature=oembed\" frameborder=\"0\" allow=\"accelerometer; autoplay; encrypted-media; gyroscope; picture-in-picture\" allowfullscreen><\/iframe><\/p>\n<\/div>\n<div><strong>ABB Terra AC 11 kW (model 6AGC082156) funktionaliteter:<\/strong><\/div>\n<div><\/div>\n<div>-Type<\/div>\n<div>&#8211; Wallbox with Type 2 cable<\/div>\n<div>-Power 11 kW -Three-phase -Max current 16A<\/div>\n<div>&#8211; Plug &#8211; Type 2<\/div>\n<div>-RFID authentification<\/div>\n<div>-Cable 5m<\/div>\n<div>-Ethernet (RJ45) -Wifi -OCPP 1.6<\/div>\n<div>-Bluetooth<\/div>\n<div>-Modbus RTU (RS485)<\/div>\n<div><\/div>\n<div><em>Terra AC product Brochure:<\/em> <a href=\"https:\/\/chargingshop.eu\/da\/?attachment_id=2067\" target=\"_blank\" rel=\"attachment noopener wp-att-2067 noreferrer\">ABB_Terra_AC_wallbox_Brochure_A4<\/a><\/div>\n","protected":false},"excerpt":{"rendered":"<div>Enest\u00e5ende kvalitet fra verdenslederen &#8211; ABB. Smart og fremtidssikker station til prisen for en almindelig.<\/div>\n<div><\/div>\n<ul>\n<li>Status og kontrol via app<\/li>\n<li>Komplet beskyttelse: overstr\u00f8m, oversp\u00e6nding, undersp\u00e6nding, jordfejl, integreret lyn beskyttelse<\/li>\n<li>Afgiftsplanl\u00e6gning Peak barbering &#8216;<\/li>\n<li>Belastningsafbalancering<\/li>\n<li>Mulighed for kun at oplade solcelleanl\u00e6g fra lokal inverter og meget mere<\/li>\n<\/ul>\n","protected":false},"featured_media":2089,"comment_status":"open","ping_status":"closed","template":"","meta":[],"product_brand":[],"product_cat":[189],"product_tag":[],"class_list":{"0":"post-2103","1":"product","2":"type-product","3":"status-publish","4":"has-post-thumbnail","6":"product_cat-wallbox-ladestationer-da","7":"pa_brand-abb-da","9":"first","10":"onbackorder","11":"taxable","12":"shipping-taxable","13":"purchasable","14":"product-type-simple"},"_links":{"self":[{"href":"https:\/\/chargingshop.eu\/da\/wp-json\/wp\/v2\/product\/2103","targetHints":{"allow":["GET"]}}],"collection":[{"href":"https:\/\/chargingshop.eu\/da\/wp-json\/wp\/v2\/product"}],"about":[{"href":"https:\/\/chargingshop.eu\/da\/wp-json\/wp\/v2\/types\/product"}],"replies":[{"embeddable":true,"href":"https:\/\/chargingshop.eu\/da\/wp-json\/wp\/v2\/comments?post=2103"}],"wp:featuredmedia":[{"embeddable":true,"href":"https:\/\/chargingshop.eu\/da\/wp-json\/wp\/v2\/media\/2089"}],"wp:attachment":[{"href":"https:\/\/chargingshop.eu\/da\/wp-json\/wp\/v2\/media?parent=2103"}],"wp:term":[{"taxonomy":"product_brand","embeddable":true,"href":"https:\/\/chargingshop.eu\/da\/wp-json\/wp\/v2\/product_brand?post=2103"},{"taxonomy":"product_cat","embeddable":true,"href":"https:\/\/chargingshop.eu\/da\/wp-json\/wp\/v2\/product_cat?post=2103"},{"taxonomy":"product_tag","embeddable":true,"href":"https:\/\/chargingshop.eu\/da\/wp-json\/wp\/v2\/product_tag?post=2103"}],"curies":[{"name":"wp","href":"https:\/\/api.w.org\/{rel}","templated":true}]}}