{"id":1998,"date":"2020-04-15T08:56:53","date_gmt":"2020-04-15T08:56:53","guid":{"rendered":"https:\/\/chargingshop.eu\/?post_type=product&#038;p=1998"},"modified":"2020-04-16T10:47:25","modified_gmt":"2020-04-16T10:47:25","slug":"etrel-inch-home-22-kw-type-2-kabel-gra","status":"publish","type":"product","link":"https:\/\/chargingshop.eu\/da\/vare\/etrel-inch-home-22-kw-type-2-kabel-gra\/","title":{"rendered":"Etrel INCH Home 22 kW Type 2-kabel (gr\u00e5)"},"content":{"rendered":"<p><strong>Etrel INCH Home (model &#8211; G-HB1V7CY10) funktioner:<\/strong><\/p>\n<ul>\n<li>Leverer op til <strong>22 kW vekselstr\u00f8m<\/strong><\/li>\n<li><strong>Programmerbar sk\u00e6rm<\/strong> &#8211; indstil en PIN-kode til adgang eller programmer en timer for at undg\u00e5 opladning af spidsbelastning.<\/li>\n<li><strong>Avanceret belastningskontrol.<\/strong> Load Guard-sensoren (bestilles separat) &#8211; en sensor, der g\u00e5r p\u00e5 dit sikringskort for at overv\u00e5ge den samlede aktive effekt, der bruges af hjemmet &#8211; justerer m\u00e6ngden af str\u00f8m, den giver din bil, afh\u00e6ngigt af de andre str\u00f8mkrav i dit hjem, som opvarmning. Ved at tilf\u00f8je Load Guard kan du nyde den hurtigst mulige opladning og aldrig spr\u00e6nge sikringen.<\/li>\n<li><strong>Intelligens.<\/strong> Opladeren l\u00e6rer og forudsiger din afgangstid. N\u00e5r du har travlt, skal du v\u00e6lge hurtigopladning med et fingertryk.<\/li>\n<li><strong>Power-prisvenlig.<\/strong> Indstil opladeren til at reagere, og varier opladningshastighederne, n\u00e5r str\u00f8mprisen er h\u00f8j eller lav.<\/li>\n<li>Etrel Inch Home er klar til at lede <strong>&#8216;gr\u00f8n&#8217; str\u00f8m<\/strong> til din EV, n\u00e5r din solpanel producerer mere end hjemmet har brug for.<\/li>\n<li><strong>Tilslutningsmuligheder<\/strong> &#8211; denne model har Ethernet-kabelforbindelse og underst\u00f8ttelse af \u00e5ben protokol &#8211; hvilket betyder, at den kan knyttes til fremtidige opladningsplatforme &#8211; opladeren kan integreres problemfrit i dit smarte hjem eller din facilitet. V\u00e6lg en dyrere Etrel Home Inch-model til 3G- og Wifi-forbindelse.<\/li>\n<li><strong>Holdbar.<\/strong> Denne oplader er vejrbestandig og designet til at vare. Med et hus i st\u00f8bt aluminium er din oplader forberedt p\u00e5 selv de h\u00e5rdeste milj\u00f8er og inkluderer en knustfast akrylglasplade.<\/li>\n<\/ul>\n<p>Med Etrel INCH Home har du mulighed for at oplade din bil med en hastighed p\u00e5 22 kW med ro i sindet, at du ikke vil overbelaste dit hjemmes sikringsplade. Du har ogs\u00e5 mulighed for at reagere p\u00e5 overskydende solenergi fra din nuv\u00e6rende (eller fremtidige) solarray og direkte str\u00f8m til din bil i stedet for til nettet. Du kan ogs\u00e5 spare penge, n\u00e5r du indstiller opladning i l\u00f8bet af natten, s\u00e5 du undg\u00e5r spidsbelastningstid og h\u00f8jere elregning. Disse funktioner alene hj\u00e6lper dig med at spare 10-30% p\u00e5 din elregning regelm\u00e6ssigt.<\/p>\n<div><em>Tekniske specifikationer:<\/em><\/div>\n<div><\/div>\n<div><a href=\"https:\/\/chargingshop.eu\/wp-content\/uploads\/2020\/04\/Technical_Specifications_INCH_general_v1.6.pdf\" rel=\"attachment wp-att-2002\">Technical_Specifications_INCH_general_v1.6<\/a><\/div>\n<div><\/div>\n<div><\/div>\n","protected":false},"excerpt":{"rendered":"<p>Etrel INCH Home er en af de smarteste EV-opladere p\u00e5 markedet med touchscreen display til private hjem eller faciliteter.<\/p>\n","protected":false},"featured_media":1992,"comment_status":"open","ping_status":"closed","template":"","meta":[],"product_brand":[],"product_cat":[189],"product_tag":[],"class_list":{"0":"post-1998","1":"product","2":"type-product","3":"status-publish","4":"has-post-thumbnail","6":"product_cat-wallbox-ladestationer-da","7":"pa_brand-etrel-da","9":"first","10":"outofstock","11":"sale","12":"taxable","13":"shipping-taxable","14":"purchasable","15":"product-type-simple"},"_links":{"self":[{"href":"https:\/\/chargingshop.eu\/da\/wp-json\/wp\/v2\/product\/1998","targetHints":{"allow":["GET"]}}],"collection":[{"href":"https:\/\/chargingshop.eu\/da\/wp-json\/wp\/v2\/product"}],"about":[{"href":"https:\/\/chargingshop.eu\/da\/wp-json\/wp\/v2\/types\/product"}],"replies":[{"embeddable":true,"href":"https:\/\/chargingshop.eu\/da\/wp-json\/wp\/v2\/comments?post=1998"}],"wp:featuredmedia":[{"embeddable":true,"href":"https:\/\/chargingshop.eu\/da\/wp-json\/wp\/v2\/media\/1992"}],"wp:attachment":[{"href":"https:\/\/chargingshop.eu\/da\/wp-json\/wp\/v2\/media?parent=1998"}],"wp:term":[{"taxonomy":"product_brand","embeddable":true,"href":"https:\/\/chargingshop.eu\/da\/wp-json\/wp\/v2\/product_brand?post=1998"},{"taxonomy":"product_cat","embeddable":true,"href":"https:\/\/chargingshop.eu\/da\/wp-json\/wp\/v2\/product_cat?post=1998"},{"taxonomy":"product_tag","embeddable":true,"href":"https:\/\/chargingshop.eu\/da\/wp-json\/wp\/v2\/product_tag?post=1998"}],"curies":[{"name":"wp","href":"https:\/\/api.w.org\/{rel}","templated":true}]}}