{"id":1976,"date":"2020-03-31T10:42:13","date_gmt":"2020-03-31T10:42:13","guid":{"rendered":"https:\/\/chargingshop.eu\/product\/elbil-opladningskabel-type-2-16ax3-11-kw-5-m-laengde\/"},"modified":"2025-06-22T03:23:20","modified_gmt":"2025-06-22T03:23:20","slug":"elbil-opladningskabel-type-2-16ax3-11-kw-5-m-laengde","status":"publish","type":"product","link":"https:\/\/chargingshop.eu\/da\/vare\/elbil-opladningskabel-type-2-16ax3-11-kw-5-m-laengde\/","title":{"rendered":"Elbil Opladningskabel 11 kW  Type 2 (16Ax3) &#8211; 5 m l\u00e6ngde"},"content":{"rendered":"<p><strong>Elbil Opladningskabel 11 kW Type 2 (16A x3 &#8211; trefase)\u00a0<\/strong><\/p>\n<p><strong>Funktioner:<\/strong><\/p>\n<ul>\n<li>Standardstik, kan identificeres ved hj\u00e6lp af Elbil (med type 2-indgang) korrekt og oplades effektivt.<\/li>\n<li>Robust design. Dens strukturelle styrke er tilstr\u00e6kkelig til at underst\u00f8tte rullingen af en elbil.<\/li>\n<li>Unik lysbue-slukningsteknik s\u00f8rger for, at der ikke er nogen elektriske gnister, n\u00e5r der tilsluttes og stikkes ud.<\/li>\n<li>Sikker og p\u00e5lidelig. Kablet er lavet af flammeh\u00e6mmende TPE (TPU) materiale, der kan modst\u00e5 den direkte brandforbr\u00e6nding inden for en sikker tid.<\/li>\n<li>Holdbar. Den avancerede Crimping-teknologi sikrer forl\u00e6nget arbejdsliv.<\/li>\n<li>IP44 bed\u00f8mt<\/li>\n<li>Driftssp\u00e6nding 400VAC<\/li>\n<li>Driftstemperaturomr\u00e5de -30 \u00b0 C til + 60 \u00b0 C<\/li>\n<li>Kobberlegeringskontakter<\/li>\n<\/ul>\n<p>&nbsp;<\/p>\n","protected":false},"excerpt":{"rendered":"<p>Elbil opladningskabel 11kW Type 2 (16A x3 &#8211; trefase) &#8211; velegnet til daglig opladningsbehov.<\/p>\n","protected":false},"featured_media":0,"comment_status":"open","ping_status":"closed","template":"","meta":[],"product_brand":[],"product_cat":[492,252],"product_tag":[],"class_list":{"0":"post-1976","1":"product","2":"type-product","3":"status-publish","5":"product_cat-ladekabler-til-elbilen","6":"product_cat-tilbehoer-opladningskabel","8":"first","9":"instock","10":"taxable","11":"shipping-taxable","12":"purchasable","13":"product-type-simple"},"_links":{"self":[{"href":"https:\/\/chargingshop.eu\/da\/wp-json\/wp\/v2\/product\/1976","targetHints":{"allow":["GET"]}}],"collection":[{"href":"https:\/\/chargingshop.eu\/da\/wp-json\/wp\/v2\/product"}],"about":[{"href":"https:\/\/chargingshop.eu\/da\/wp-json\/wp\/v2\/types\/product"}],"replies":[{"embeddable":true,"href":"https:\/\/chargingshop.eu\/da\/wp-json\/wp\/v2\/comments?post=1976"}],"wp:attachment":[{"href":"https:\/\/chargingshop.eu\/da\/wp-json\/wp\/v2\/media?parent=1976"}],"wp:term":[{"taxonomy":"product_brand","embeddable":true,"href":"https:\/\/chargingshop.eu\/da\/wp-json\/wp\/v2\/product_brand?post=1976"},{"taxonomy":"product_cat","embeddable":true,"href":"https:\/\/chargingshop.eu\/da\/wp-json\/wp\/v2\/product_cat?post=1976"},{"taxonomy":"product_tag","embeddable":true,"href":"https:\/\/chargingshop.eu\/da\/wp-json\/wp\/v2\/product_tag?post=1976"}],"curies":[{"name":"wp","href":"https:\/\/api.w.org\/{rel}","templated":true}]}}