{"id":1971,"date":"2020-03-31T09:04:39","date_gmt":"2020-03-31T09:04:39","guid":{"rendered":"https:\/\/chargingshop.eu\/product\/elbil-opladningskabel-72-kw-type-2-32a-5-m-laengde\/"},"modified":"2020-04-10T11:49:07","modified_gmt":"2020-04-10T11:49:07","slug":"elbil-opladningskabel-72-kw-type-2-32a-5-m-laengde","status":"publish","type":"product","link":"https:\/\/chargingshop.eu\/da\/vare\/elbil-opladningskabel-72-kw-type-2-32a-5-m-laengde\/","title":{"rendered":"Elbil opladningskabel 7.2 kW Type 2 (32A) &#8211; 5 m l\u00e6ngde"},"content":{"rendered":"<p><strong>Elbil opladningskabel 7.2 kW Type 2<\/strong><\/p>\n<p><strong>Egenskaper:<\/strong><\/p>\n<ul>\n<li>Standardstik, kan identificeres korrekt med EV (med type 2-indgang) og oplades effektivt.<\/li>\n<li>Robust design. Strukturstyrken er tilstr\u00e6kkelig til at underst\u00f8tte rullingen af en elbil.<\/li>\n<li>Unik lysbue-slukningsteknologi sikrer, at der ikke er elektriske gnister, n\u00e5r der tilsluttes og tages ud.<\/li>\n<li>Sikker og p\u00e5lidelig. Kablet er lavet af flammeh\u00e6mmende TPE (TPU) materiale, som kan modst\u00e5 direkte brandforbr\u00e6nding p\u00e5 et sikkert tidspunkt.<\/li>\n<li>Varig. Avanceret Crimping-teknologi sikrer forl\u00e6nget arbejdsliv.<\/li>\n<li>IP44 bed\u00f8mt<\/li>\n<li>Driftssp\u00e6nding 240VAC<\/li>\n<li>Driftstemperaturomr\u00e5de -30 \u00b0 C til + 60 \u00b0 C<\/li>\n<li>Kobberlegeringskontakter<\/li>\n<\/ul>\n","protected":false},"excerpt":{"rendered":"<p>Elbil ladekabel 7,2 kW Type 2 (32A) &#8211; Velegnet til daglige opladningsbehov.<\/p>\n","protected":false},"featured_media":1915,"comment_status":"open","ping_status":"closed","template":"","meta":[],"product_brand":[],"product_cat":[492,252],"product_tag":[],"class_list":{"0":"post-1971","1":"product","2":"type-product","3":"status-publish","4":"has-post-thumbnail","6":"product_cat-ladekabler-til-elbilen","7":"product_cat-tilbehoer-opladningskabel","9":"first","10":"instock","11":"sale","12":"taxable","13":"shipping-taxable","14":"purchasable","15":"product-type-simple"},"_links":{"self":[{"href":"https:\/\/chargingshop.eu\/da\/wp-json\/wp\/v2\/product\/1971","targetHints":{"allow":["GET"]}}],"collection":[{"href":"https:\/\/chargingshop.eu\/da\/wp-json\/wp\/v2\/product"}],"about":[{"href":"https:\/\/chargingshop.eu\/da\/wp-json\/wp\/v2\/types\/product"}],"replies":[{"embeddable":true,"href":"https:\/\/chargingshop.eu\/da\/wp-json\/wp\/v2\/comments?post=1971"}],"wp:featuredmedia":[{"embeddable":true,"href":"https:\/\/chargingshop.eu\/da\/wp-json\/wp\/v2\/media\/1915"}],"wp:attachment":[{"href":"https:\/\/chargingshop.eu\/da\/wp-json\/wp\/v2\/media?parent=1971"}],"wp:term":[{"taxonomy":"product_brand","embeddable":true,"href":"https:\/\/chargingshop.eu\/da\/wp-json\/wp\/v2\/product_brand?post=1971"},{"taxonomy":"product_cat","embeddable":true,"href":"https:\/\/chargingshop.eu\/da\/wp-json\/wp\/v2\/product_cat?post=1971"},{"taxonomy":"product_tag","embeddable":true,"href":"https:\/\/chargingshop.eu\/da\/wp-json\/wp\/v2\/product_tag?post=1971"}],"curies":[{"name":"wp","href":"https:\/\/api.w.org\/{rel}","templated":true}]}}