{"id":1659,"date":"2019-12-20T12:35:38","date_gmt":"2019-12-20T12:35:38","guid":{"rendered":"https:\/\/chargingshop.eu\/product\/elinta-citycharge-mini2-dk\/"},"modified":"2025-06-22T03:23:38","modified_gmt":"2025-06-22T03:23:38","slug":"elinta-citycharge-mini2-dk","status":"publish","type":"product","link":"https:\/\/chargingshop.eu\/da\/vare\/elinta-citycharge-mini2-dk\/","title":{"rendered":"ELINTA CITYCHARGE MINI2 &#8211; 2\u00d722 kW, 3G, LAN, Wifi, RFID"},"content":{"rendered":"<div><strong>ELINTA CHARGE CityCharge Mini2 Funktioner:<\/strong><\/div>\n<div><\/div>\n<ul>\n<li>Robust aluminiumskabinet<\/li>\n<li>RFID-tilladelse<\/li>\n<li>OCPP kommunikationssystem &#8211; kompatibelt med CHRG Network Management System<\/li>\n<li>Lys LED-sk\u00e6rm<\/li>\n<li>Professionel design<\/li>\n<li>Op til 2&#215;22 kW<\/li>\n<li>Integreret energim\u00e5ler med baggrundslys<\/li>\n<li>Enkel installation<\/li>\n<li>3G, Wifi, LAN connectivity<\/li>\n<\/ul>\n<p>ELINTA CHARGE CityCharge Mini2 er designet til at v\u00e6re en enkel og omkostningseffektiv l\u00f8sning til hurtig op til 2&#215;22 kW EV-opladning. Det kan bruges i garager, parkeringspladser og andre private omr\u00e5der. Med integreret beskyttelse mod str\u00f8m og l\u00e6kage kan den installeres som en enkeltst\u00e5ende enhed.<\/p>\n","protected":false},"excerpt":{"rendered":"<div><strong>ELINTA CHARGE CityCharge Mini2<\/strong> er designet til at blive brugt hjemme, p\u00e5 kontoret eller i offentlige omr\u00e5der med h\u00f8jeste industrikvalitet, hvilket sikrer lang levetid og h\u00f8j p\u00e5lidelighed. Elinta CityCharge Mini2\u00a0 ladestation er klassificeret som hurtig-tilstand Mode 3 AC ladestation med mulighed for at give op til 44 kW str\u00f8m ved hj\u00e6lp af to Type 2-ladestik.<\/div>\n<div><\/div>\n<div><a href=\"https:\/\/chargingshop.eu\/elements\/pages\/contact\/\" class=\"button primary is-primary is-medium\"  >\n    <span>Get a quote<\/span>\n  <\/a>\n<\/div>\n","protected":false},"featured_media":1660,"comment_status":"open","ping_status":"closed","template":"","meta":[],"product_brand":[],"product_cat":[201,189],"product_tag":[],"class_list":{"0":"post-1659","1":"product","2":"type-product","3":"status-publish","4":"has-post-thumbnail","6":"product_cat-offentlig-ladestation","7":"product_cat-wallbox-ladestationer-da","8":"pa_brand-elinta-charge-da","10":"first","11":"instock","12":"taxable","13":"shipping-taxable","14":"purchasable","15":"product-type-simple"},"_links":{"self":[{"href":"https:\/\/chargingshop.eu\/da\/wp-json\/wp\/v2\/product\/1659","targetHints":{"allow":["GET"]}}],"collection":[{"href":"https:\/\/chargingshop.eu\/da\/wp-json\/wp\/v2\/product"}],"about":[{"href":"https:\/\/chargingshop.eu\/da\/wp-json\/wp\/v2\/types\/product"}],"replies":[{"embeddable":true,"href":"https:\/\/chargingshop.eu\/da\/wp-json\/wp\/v2\/comments?post=1659"}],"wp:featuredmedia":[{"embeddable":true,"href":"https:\/\/chargingshop.eu\/da\/wp-json\/wp\/v2\/media\/1660"}],"wp:attachment":[{"href":"https:\/\/chargingshop.eu\/da\/wp-json\/wp\/v2\/media?parent=1659"}],"wp:term":[{"taxonomy":"product_brand","embeddable":true,"href":"https:\/\/chargingshop.eu\/da\/wp-json\/wp\/v2\/product_brand?post=1659"},{"taxonomy":"product_cat","embeddable":true,"href":"https:\/\/chargingshop.eu\/da\/wp-json\/wp\/v2\/product_cat?post=1659"},{"taxonomy":"product_tag","embeddable":true,"href":"https:\/\/chargingshop.eu\/da\/wp-json\/wp\/v2\/product_tag?post=1659"}],"curies":[{"name":"wp","href":"https:\/\/api.w.org\/{rel}","templated":true}]}}