{"id":1644,"date":"2019-12-20T13:19:22","date_gmt":"2019-12-20T13:19:22","guid":{"rendered":"https:\/\/chargingshop.eu\/product\/elinta-citycharge-v2-2x22-kw-dk\/"},"modified":"2020-10-27T09:08:57","modified_gmt":"2020-10-27T09:08:57","slug":"elinta-citycharge-v2-2x22-kw-dk","status":"publish","type":"product","link":"https:\/\/chargingshop.eu\/da\/vare\/elinta-citycharge-v2-2x22-kw-dk\/","title":{"rendered":"ELINTA CITYCHARGE V2 &#8211; 2\u00d722 kW, 3G \/ LAN \/ Wifi \/ RFID"},"content":{"rendered":"<div><strong>ELINTA CHARGE CityCharge V2 Funktioner:<\/strong><\/div>\n<div>\u00a0<\/div>\n<ul>\n<li>2 x tilstand 3, type 2<\/li>\n<li>Begge sider tilg\u00e6ngelige<\/li>\n<li>Op til 2&#215;22 kW<\/li>\n<li>Oplader op til 2 k\u00f8ret\u00f8jer<\/li>\n<li>Integreret energim\u00e5ler<\/li>\n<li>Robust aluminiumskabinet<\/li>\n<li>RFID-tilladelse<\/li>\n<li>OCPP kommunikationssystem<\/li>\n<li>Lys LED-sk\u00e6rm<\/li>\n<\/ul>\n<div class=\"video video-fit mb\" style=\"padding-top:56.25%;\"><p><iframe title=\"Elinta Charge beautiful &amp; smart charging stations for electric vehicles \ud83d\ude98\u26a1\ufe0f\ud83d\udd0c\u26fd\ufe0f\" width=\"1020\" height=\"574\" src=\"https:\/\/www.youtube.com\/embed\/dXiFvkjvtX8?feature=oembed\" frameborder=\"0\" allow=\"accelerometer; autoplay; clipboard-write; encrypted-media; gyroscope; picture-in-picture\" allowfullscreen><\/iframe><\/p>\n<\/div>\n<p>ELINTA CHARGE CityCharge V2 er velegnet til enhver kommerciel eller offentlig placering. Det eksklusive design passer perfekt til forretningscentre, indk\u00f8bscentre, restauranter, hoteller og andre offentlige parkeringsomr\u00e5der. ELINTA CHARGE\u00a0 CityCharge V2 er klassificeret som hurtig tilstand 3 ladestation med mulighed for at oplade op til 4 k\u00f8ret\u00f8jer og give op til 44 kW str\u00f8m. CityCharge V2 er fremstillet ved hj\u00e6lp af kun materialer af h\u00f8jeste kvalitet. Det faste hus er lavet af ekstruderet CNC-bearbejdet og pulverlakeret aluminiumsdel, som var designet til at vare. Elektronik i top kvalitet med integreret klimakontrol sikrer den h\u00f8jeste p\u00e5lidelighed selv i de v\u00e6rste vejrforhold. Lys animeret LED-sk\u00e6rm og sidest\u00e6nger er synlige selv i direkte sollys, mens de giver futuristisk indtryk og evne til at ses fra lang afstand om natten. F\u00e5s som enkeltst\u00e5ende model med en brugervenlig RFID-identifikation til lille, lokalt opladningsnetv\u00e6rk, eller det kan integreres i eksisterende opladningsnetv\u00e6rk med integreret GSM og 3G-modul.<\/p>\n","protected":false},"excerpt":{"rendered":"<div>ELINTA CHARGE CityCharge V2 er en EV-oplader af poltype klassificeret som hurtig Mode 3-ladestation med mulighed for at give op til 2&#215;22 kW str\u00f8m ved hj\u00e6lp af to Type 2-ladestik.<\/div>\n<p>&nbsp;<\/p>\n","protected":false},"featured_media":1645,"comment_status":"open","ping_status":"closed","template":"","meta":[],"product_brand":[],"product_cat":[201],"product_tag":[],"class_list":{"0":"post-1644","1":"product","2":"type-product","3":"status-publish","4":"has-post-thumbnail","6":"product_cat-offentlig-ladestation","7":"pa_brand-elinta-charge-da","9":"first","10":"instock","11":"taxable","12":"shipping-taxable","13":"purchasable","14":"product-type-simple"},"_links":{"self":[{"href":"https:\/\/chargingshop.eu\/da\/wp-json\/wp\/v2\/product\/1644","targetHints":{"allow":["GET"]}}],"collection":[{"href":"https:\/\/chargingshop.eu\/da\/wp-json\/wp\/v2\/product"}],"about":[{"href":"https:\/\/chargingshop.eu\/da\/wp-json\/wp\/v2\/types\/product"}],"replies":[{"embeddable":true,"href":"https:\/\/chargingshop.eu\/da\/wp-json\/wp\/v2\/comments?post=1644"}],"wp:featuredmedia":[{"embeddable":true,"href":"https:\/\/chargingshop.eu\/da\/wp-json\/wp\/v2\/media\/1645"}],"wp:attachment":[{"href":"https:\/\/chargingshop.eu\/da\/wp-json\/wp\/v2\/media?parent=1644"}],"wp:term":[{"taxonomy":"product_brand","embeddable":true,"href":"https:\/\/chargingshop.eu\/da\/wp-json\/wp\/v2\/product_brand?post=1644"},{"taxonomy":"product_cat","embeddable":true,"href":"https:\/\/chargingshop.eu\/da\/wp-json\/wp\/v2\/product_cat?post=1644"},{"taxonomy":"product_tag","embeddable":true,"href":"https:\/\/chargingshop.eu\/da\/wp-json\/wp\/v2\/product_tag?post=1644"}],"curies":[{"name":"wp","href":"https:\/\/api.w.org\/{rel}","templated":true}]}}