{"id":1640,"date":"2019-12-31T10:41:51","date_gmt":"2019-12-31T10:41:51","guid":{"rendered":"https:\/\/chargingshop.eu\/product\/chrg-network-station-management-system-dk\/"},"modified":"2025-06-22T03:22:57","modified_gmt":"2025-06-22T03:22:57","slug":"chrg-network-station-management-system-dk","status":"publish","type":"product","link":"https:\/\/chargingshop.eu\/da\/vare\/chrg-network-station-management-system-dk\/","title":{"rendered":"CHRG Network ladestationsstyringssystem (station management system)"},"content":{"rendered":"<h3>Visualisering og kontrol<\/h3>\n<p>CHRG Network WebApp viser alle dine opladningssessioner. Du kan se hvorn\u00e5r, hvor l\u00e6nge og hvor meget str\u00f8m du oplader, samt hvor meget du har forbrugt indtil videre.<\/p>\n<h3>Administrer dine ladestationer og brugere<\/h3>\n<p>WebApp g\u00f8r det let og praktisk at indstille \u00e5bningstider for dine ladestationer og at tilf\u00f8je nye brugere eksternt.<\/p>\n<h3 class=\"bluefoot-entity bluefoot-entity\">Eksporter opladningsdata til enkel fakturering<\/h3>\n<p>Med CHRG Network WebApp kan du se alle opladningssessioner p\u00e5 alle dine ladestationer p\u00e5 \u00e9n gang eller organisere dataene efter opladningssession, opladningsstation og bruger. Alle opladningsoplysninger kan eksporteres i Excel-format, hvilket g\u00f8r det nemt at oprette udsagn og andre dokumenter.<\/p>\n<h3>Fjernsupport<\/h3>\n<p>I tilf\u00e6lde af en funktionsfejl kan du med CHRG Network ladestationsstyringssystem fjernadgang til din ladestation for hurtigt at opdage og l\u00f8se fejl uden ekstra omkostninger. Dette betyder, at du drager fordel af et h\u00f8jt driftssikkerhedsniveau for din opladningsinfrastruktur og ingen dyre teknikertjenester p\u00e5 stedet.<\/p>\n<h3 class=\"bluefoot-entity bluefoot-entity\">Internetforbindelse og OCPP<\/h3>\n<p>For at oprette forbindelse til CHRG Network WebApp, har din ladestation brug for en internetforbindelse via et Ethernet-kabel eller et mobilsignal (afh\u00e6ngigt af din stationsmodel). Appen kommunikerer med ladestationen via Open Charge Point Protocol (OCPP), den universelle kommunikationsprotokol til ladestationer og backend-systemer.<\/p>\n<h3>Opladningens fremskridt kan ses p\u00e5 alle tidspunkter<\/h3>\n<p>Med CHRG Netv\u00e6rks ladestationsstyringssystem registrerer du alle opladningsprocesser let online, og du kan f\u00e5 adgang til dem ved hj\u00e6lp af en hvilken som helst enhed til enhver tid. Datas\u00e6ttene kan nemt eksporteres &#8211; for eksempel til faktureringsform\u00e5l.<\/p>\n","protected":false},"excerpt":{"rendered":"<p>CHRG Network er en brugerintuitiv softwarel\u00f8sning, der g\u00f8r det nemt at se opladningsoplysningerne fra din Elinta eller Ensto-ladestation online n\u00e5r som helst og hvor som helst og g\u00f8r det meget enkelt at administrere dine brugere, betalinger og fakturering.<\/p>\n<ul>\n<li>Administrer dine ladestationer, brugere og \u00e5bningstider<\/li>\n<li>Hold oversigt over alle opladningssessioner<\/li>\n<li>F\u00e5 adgang til din ladestation med din smartphone, tablet eller pc<\/li>\n<li>Fjernsupport fra producenten<\/li>\n<li>Kompatibel med alle Elinta-, Ensto-stationer Mode 2-stationer<\/li>\n<\/ul>\n","protected":false},"featured_media":0,"comment_status":"open","ping_status":"closed","template":"","meta":[],"product_brand":[],"product_cat":[208],"product_tag":[],"class_list":{"0":"post-1640","1":"product","2":"type-product","3":"status-publish","5":"product_cat-station-management-solutions-da","7":"first","8":"outofstock","9":"sale","10":"taxable","11":"shipping-taxable","12":"purchasable","13":"product-type-simple"},"_links":{"self":[{"href":"https:\/\/chargingshop.eu\/da\/wp-json\/wp\/v2\/product\/1640","targetHints":{"allow":["GET"]}}],"collection":[{"href":"https:\/\/chargingshop.eu\/da\/wp-json\/wp\/v2\/product"}],"about":[{"href":"https:\/\/chargingshop.eu\/da\/wp-json\/wp\/v2\/types\/product"}],"replies":[{"embeddable":true,"href":"https:\/\/chargingshop.eu\/da\/wp-json\/wp\/v2\/comments?post=1640"}],"wp:attachment":[{"href":"https:\/\/chargingshop.eu\/da\/wp-json\/wp\/v2\/media?parent=1640"}],"wp:term":[{"taxonomy":"product_brand","embeddable":true,"href":"https:\/\/chargingshop.eu\/da\/wp-json\/wp\/v2\/product_brand?post=1640"},{"taxonomy":"product_cat","embeddable":true,"href":"https:\/\/chargingshop.eu\/da\/wp-json\/wp\/v2\/product_cat?post=1640"},{"taxonomy":"product_tag","embeddable":true,"href":"https:\/\/chargingshop.eu\/da\/wp-json\/wp\/v2\/product_tag?post=1640"}],"curies":[{"name":"wp","href":"https:\/\/api.w.org\/{rel}","templated":true}]}}