{"id":1636,"date":"2019-12-27T14:50:26","date_gmt":"2019-12-27T14:50:26","guid":{"rendered":"https:\/\/chargingshop.eu\/product\/elinta-homebox-slim-3g-dk\/"},"modified":"2025-06-22T03:23:49","modified_gmt":"2025-06-22T03:23:49","slug":"elinta-homebox-slim-3g-dk","status":"publish","type":"product","link":"https:\/\/chargingshop.eu\/da\/vare\/elinta-homebox-slim-3g-dk\/","title":{"rendered":"ELINTA HOMEBOX SLIM 3G, RFID, 7,2 kW"},"content":{"rendered":"<div><strong>Elinta HomeBox Slim 3G-funktioner:<\/strong><\/div>\n<div><\/div>\n<div><\/div>\n<ul>\n<li>Enkelt og professionelt design<\/li>\n<li>7,2 kW<\/li>\n<li>3G-kommunikationsmodul (kompatibel med CHRG Network Station Management System)<\/li>\n<li>Integreret energim\u00e5ler med baggrundslys<\/li>\n<li>Enkel installation<\/li>\n<\/ul>\n<div>Elinta HomeBox Slim er designet til at v\u00e6re en enkel og omkostningseffektiv l\u00f8sning med 7,2 kW EV opladning. HomeBox Slim kan bruges i privat garage, parkeringsplads eller andre private omr\u00e5der. Med integreret beskyttelse mod str\u00f8m og l\u00e6kage kan den installeres som en enkeltst\u00e5ende enhed.<\/div>\n","protected":false},"excerpt":{"rendered":"<p>HomeBox Slim er designet til at blive brugt hjemme eller p\u00e5 kontoret med topkvalitet i branchen, hvilket sikrer lang levetid og h\u00f8j p\u00e5lidelighed. HomeBox Slim ladestation f\u00e5s i 3 eller 1-fase og 16A eller 32A versioner, afh\u00e6ngigt af den medf\u00f8lgende str\u00f8mkilde.<\/p>\n","protected":false},"featured_media":1637,"comment_status":"open","ping_status":"closed","template":"","meta":[],"product_brand":[],"product_cat":[189],"product_tag":[],"class_list":{"0":"post-1636","1":"product","2":"type-product","3":"status-publish","4":"has-post-thumbnail","6":"product_cat-wallbox-ladestationer-da","7":"pa_brand-elinta-charge-da","9":"first","10":"instock","11":"taxable","12":"shipping-taxable","13":"purchasable","14":"product-type-simple"},"_links":{"self":[{"href":"https:\/\/chargingshop.eu\/da\/wp-json\/wp\/v2\/product\/1636","targetHints":{"allow":["GET"]}}],"collection":[{"href":"https:\/\/chargingshop.eu\/da\/wp-json\/wp\/v2\/product"}],"about":[{"href":"https:\/\/chargingshop.eu\/da\/wp-json\/wp\/v2\/types\/product"}],"replies":[{"embeddable":true,"href":"https:\/\/chargingshop.eu\/da\/wp-json\/wp\/v2\/comments?post=1636"}],"wp:featuredmedia":[{"embeddable":true,"href":"https:\/\/chargingshop.eu\/da\/wp-json\/wp\/v2\/media\/1637"}],"wp:attachment":[{"href":"https:\/\/chargingshop.eu\/da\/wp-json\/wp\/v2\/media?parent=1636"}],"wp:term":[{"taxonomy":"product_brand","embeddable":true,"href":"https:\/\/chargingshop.eu\/da\/wp-json\/wp\/v2\/product_brand?post=1636"},{"taxonomy":"product_cat","embeddable":true,"href":"https:\/\/chargingshop.eu\/da\/wp-json\/wp\/v2\/product_cat?post=1636"},{"taxonomy":"product_tag","embeddable":true,"href":"https:\/\/chargingshop.eu\/da\/wp-json\/wp\/v2\/product_tag?post=1636"}],"curies":[{"name":"wp","href":"https:\/\/api.w.org\/{rel}","templated":true}]}}