{"id":1628,"date":"2019-12-28T09:56:40","date_gmt":"2019-12-28T09:56:40","guid":{"rendered":"https:\/\/chargingshop.eu\/product\/keba-kecontact-p30-dk\/"},"modified":"2025-06-22T03:25:29","modified_gmt":"2025-06-22T03:25:29","slug":"keba-kecontact-p30-dk","status":"publish","type":"product","link":"https:\/\/chargingshop.eu\/da\/vare\/keba-kecontact-p30-dk\/","title":{"rendered":"KEBA KeContact P30 c-series 3G"},"content":{"rendered":"<div class=\"video video-fit mb\" style=\"padding-top:56.25%;\"><p><iframe title=\"KEBA wallbox EVSE heat challenge\" width=\"1020\" height=\"574\" src=\"https:\/\/www.youtube.com\/embed\/Qo7cpnv3xsU?feature=oembed\" frameborder=\"0\" allow=\"accelerometer; autoplay; encrypted-media; gyroscope; picture-in-picture\" allowfullscreen><\/iframe><\/p>\n<\/div>\n<div><\/div>\n<div>Keba KeContact P30 c-series er allerede den tredje generation af v\u00e6gbokse fra KEBA, der tilbyder nye anvendelsesmuligheder takket v\u00e6re avancerede kommunikationsstandarder og funktioner. Vi har gjort vores elladningsstationer intelligente og udstyret dem med utallige funktioner og kommunikationsstandarder. S\u00e5 du kan ikke kun oplade, men ogs\u00e5 styre, kommunikere og netv\u00e6rk.<\/div>\n<div><\/div>\n<div><\/div>\n<div><\/div>\n<div><strong>KEBA KeContact P30 c-series funktioner:<\/strong><\/div>\n<div><\/div>\n<div><\/div>\n<ul>\n<li>Lokal belastningsstyring som slave<\/li>\n<li>Op til 22 kW<\/li>\n<li>OCPP-kommunikation som slave (via 3G)<\/li>\n<li>Slave til Master \/ Slave-kommunikation<\/li>\n<li>UDP interface (smart home automation)<\/li>\n<li>Ethernet-interface til permanent installation (LSA +)<\/li>\n<li>M\u00e5ling (MID-certificeret *) til faktureringsform\u00e5l<\/li>\n<li>Str\u00f8moverv\u00e5gning<\/li>\n<li>DC l\u00e6kageregistrering<\/li>\n<li>Ethernet-interface (RJ45)<\/li>\n<li>USB-interface<\/li>\n<\/ul>\n<div><\/div>\n<div>KeContact P30 c-serien har MID-certificeret, intelligent opladning og smart hjem integration<\/div>\n","protected":false},"excerpt":{"rendered":"<p>KeContact P30 bliver et kommunikationscenter til intelligent styret opladning p\u00e5 grund af integration i smart home- eller back-end-systemer, sammenkobling af fotovoltaiske systemer eller mulighederne for fakturering. Det opfylder alle krav til elektromobilitet &#8211; ikke kun i dag, men ogs\u00e5 i fremtiden.<\/p>\n","protected":false},"featured_media":1629,"comment_status":"open","ping_status":"closed","template":"","meta":[],"product_brand":[],"product_cat":[189],"product_tag":[],"class_list":{"0":"post-1628","1":"product","2":"type-product","3":"status-publish","4":"has-post-thumbnail","6":"product_cat-wallbox-ladestationer-da","7":"pa_brand-keba-da","9":"first","10":"outofstock","11":"sale","12":"taxable","13":"shipping-taxable","14":"purchasable","15":"product-type-simple"},"_links":{"self":[{"href":"https:\/\/chargingshop.eu\/da\/wp-json\/wp\/v2\/product\/1628","targetHints":{"allow":["GET"]}}],"collection":[{"href":"https:\/\/chargingshop.eu\/da\/wp-json\/wp\/v2\/product"}],"about":[{"href":"https:\/\/chargingshop.eu\/da\/wp-json\/wp\/v2\/types\/product"}],"replies":[{"embeddable":true,"href":"https:\/\/chargingshop.eu\/da\/wp-json\/wp\/v2\/comments?post=1628"}],"wp:featuredmedia":[{"embeddable":true,"href":"https:\/\/chargingshop.eu\/da\/wp-json\/wp\/v2\/media\/1629"}],"wp:attachment":[{"href":"https:\/\/chargingshop.eu\/da\/wp-json\/wp\/v2\/media?parent=1628"}],"wp:term":[{"taxonomy":"product_brand","embeddable":true,"href":"https:\/\/chargingshop.eu\/da\/wp-json\/wp\/v2\/product_brand?post=1628"},{"taxonomy":"product_cat","embeddable":true,"href":"https:\/\/chargingshop.eu\/da\/wp-json\/wp\/v2\/product_cat?post=1628"},{"taxonomy":"product_tag","embeddable":true,"href":"https:\/\/chargingshop.eu\/da\/wp-json\/wp\/v2\/product_tag?post=1628"}],"curies":[{"name":"wp","href":"https:\/\/api.w.org\/{rel}","templated":true}]}}