{"id":1623,"date":"2019-12-27T15:31:10","date_gmt":"2019-12-27T15:31:10","guid":{"rendered":"https:\/\/chargingshop.eu\/product\/ensto-chago-pro-2x22-kw\/"},"modified":"2025-06-22T03:24:02","modified_gmt":"2025-06-22T03:24:02","slug":"ensto-chago-pro-2x22-kw","status":"publish","type":"product","link":"https:\/\/chargingshop.eu\/da\/vare\/ensto-chago-pro-2x22-kw\/","title":{"rendered":"ENSTO CHAGO PRO &#8211; 2\u00d722 kW 4G, LAN, RCD + MCB, Type2"},"content":{"rendered":"<div class=\"video video-fit mb\" style=\"padding-top:56.25%;\"><p><iframe title=\"ENSTO Chago Pro 2018\" width=\"1020\" height=\"574\" src=\"https:\/\/www.youtube.com\/embed\/r2rTxHxAReE?feature=oembed\" frameborder=\"0\" allow=\"accelerometer; autoplay; encrypted-media; gyroscope; picture-in-picture\" allowfullscreen><\/iframe><\/p>\n<\/div>\n<div><strong>ENSTO Chago Pro model EVF200W-B4 2x22kW, 4G, IP54, IK10, LAN, RCD + MCB, Type2, RCMB 6 mA<\/strong><\/div>\n<div><\/div>\n<div>Denne model automatisk kabelopl\u00e5sningsfunktion under str\u00f8mafbrydelse ogs\u00e5 automatisk gendannelse af str\u00f8m efter initieret RCD<\/div>\n<div><\/div>\n<div><\/div>\n<div>Funktioner<\/div>\n<p><strong>Smarte l\u00f8sninger s\u00e6tter din virksomhed f\u00f8rst<\/strong><\/p>\n<div><\/div>\n<ul>\n<li>Spar penge med fremtidssikre Smart EV-tjenester<\/li>\n<li>Sikker skybaseret fjernstyring af dine ladestationer<\/li>\n<li>Let at kombinere med dine eksisterende apps, loyalitetsprogrammer eller kundeportaler<\/li>\n<\/ul>\n<div><\/div>\n<div><\/div>\n<div><strong>Ideel til ethvert milj\u00f8<\/strong><\/div>\n<div><\/div>\n<ul>\n<li>Kraftfuld enkelt eller dobbelt opladning<\/li>\n<li>Lave livscyklusomkostninger<\/li>\n<li>Perfekt til detailhandlere, fl\u00e5der, parkeringspladser med mere<\/li>\n<\/ul>\n<div><strong>V\u00e6rdi fra elegance og holdbarhed<\/strong><\/div>\n<div><\/div>\n<ul>\n<li>Stilfuldt skandinavisk design, der underst\u00f8tter dit brand<\/li>\n<li>Industrielle komponenter af h\u00f8j kvalitet med en robust st\u00e5lkonstruktion<\/li>\n<li>I fuld overensstemmelse med europ\u00e6iske forskrifter<\/li>\n<\/ul>\n<div><strong>Nyd en brugervenlig oplevelse med ENSTO Chago Pro<\/strong><\/div>\n<div><\/div>\n<ul>\n<li>Plug &amp; Charge for en nem opladningsoplevelse<\/li>\n<li>Ubesv\u00e6rlig og sikker brugeridentifikation med RFID, Mobile App, NFC<\/li>\n<li>Klar til k\u00f8ret\u00f8j-til-gitter<\/li>\n<\/ul>\n","protected":false},"excerpt":{"rendered":"<p>ENSTO Chago Pro er en letanvendelig AC-ladestation med lang levetid til offentlig og semi-offentlig EV-opladning. Dens struktur er ideel til kr\u00e6vende milj\u00f8forhold og omr\u00e5der, hvor ladepunktsejeren \u00f8nsker at have fuld kontrol over deres EV-opladningsservice og tilbyde den bedste opladningsoplevelse.<\/p>\n","protected":false},"featured_media":1624,"comment_status":"open","ping_status":"closed","template":"","meta":[],"product_brand":[],"product_cat":[201],"product_tag":[],"class_list":{"0":"post-1623","1":"product","2":"type-product","3":"status-publish","4":"has-post-thumbnail","6":"product_cat-offentlig-ladestation","7":"pa_brand-ensto-da","9":"first","10":"instock","11":"sale","12":"taxable","13":"shipping-taxable","14":"purchasable","15":"product-type-simple"},"_links":{"self":[{"href":"https:\/\/chargingshop.eu\/da\/wp-json\/wp\/v2\/product\/1623","targetHints":{"allow":["GET"]}}],"collection":[{"href":"https:\/\/chargingshop.eu\/da\/wp-json\/wp\/v2\/product"}],"about":[{"href":"https:\/\/chargingshop.eu\/da\/wp-json\/wp\/v2\/types\/product"}],"replies":[{"embeddable":true,"href":"https:\/\/chargingshop.eu\/da\/wp-json\/wp\/v2\/comments?post=1623"}],"wp:featuredmedia":[{"embeddable":true,"href":"https:\/\/chargingshop.eu\/da\/wp-json\/wp\/v2\/media\/1624"}],"wp:attachment":[{"href":"https:\/\/chargingshop.eu\/da\/wp-json\/wp\/v2\/media?parent=1623"}],"wp:term":[{"taxonomy":"product_brand","embeddable":true,"href":"https:\/\/chargingshop.eu\/da\/wp-json\/wp\/v2\/product_brand?post=1623"},{"taxonomy":"product_cat","embeddable":true,"href":"https:\/\/chargingshop.eu\/da\/wp-json\/wp\/v2\/product_cat?post=1623"},{"taxonomy":"product_tag","embeddable":true,"href":"https:\/\/chargingshop.eu\/da\/wp-json\/wp\/v2\/product_tag?post=1623"}],"curies":[{"name":"wp","href":"https:\/\/api.w.org\/{rel}","templated":true}]}}