{"id":1618,"date":"2020-01-03T10:11:11","date_gmt":"2020-01-03T10:11:11","guid":{"rendered":"https:\/\/chargingshop.eu\/product\/elinta-homebox-mini-t2-dk\/"},"modified":"2020-03-19T14:46:14","modified_gmt":"2020-03-19T14:46:14","slug":"elinta-homebox-mini-t2-dk","status":"publish","type":"product","link":"https:\/\/chargingshop.eu\/da\/vare\/elinta-homebox-mini-t2-dk\/","title":{"rendered":"ELINTA HOMEBOX MINI T2 &#8211; 7,2 kW"},"content":{"rendered":"<div>Elinta HOMEBOX MINI T2 funktioner:<\/div>\n<div><\/div>\n<ul>\n<li>Enkelt design &amp; minimal funktionalitet<\/li>\n<li>7,2kW<\/li>\n<li>Kabelstik til opladning bekvemmelighed derhjemme<\/li>\n<li>Enkel installation<\/li>\n<\/ul>\n<div>Elinta HOMEBOX MINI T2 er designet til at v\u00e6re en enkel og omkostningseffektiv l\u00f8sning til EV \/ opladning til hjem \/ garage. HOMEBOX MINI kan bruges i privat garage, parkeringsplads eller andre private omr\u00e5der, hvor der ikke kr\u00e6ves godkendelse.<\/div>\n<div>HomeBox Mini har integreret beskyttelse mod str\u00f8m, l\u00e6kstr\u00f8m og energim\u00e5ler. Kun forbindelse til str\u00f8m er p\u00e5kr\u00e6vet. HomeBox Mini er designet til at blive brugt hjemme eller p\u00e5 kontoret med topkvalitet i branchen, hvilket sikrer lang levetid og h\u00f8j p\u00e5lidelighed.<\/div>\n","protected":false},"excerpt":{"rendered":"<p>HomeBox Mini er designet til at v\u00e6re en enkel og omkostningseffektiv l\u00f8sning til Mode 3, Type 2, enfaset opladning op til 7,2 kW.<\/p>\n<p>Fremstillet med industrielle komponenter til privat brug<\/p>\n","protected":false},"featured_media":1619,"comment_status":"open","ping_status":"closed","template":"","meta":[],"product_brand":[],"product_cat":[189],"product_tag":[],"class_list":{"0":"post-1618","1":"product","2":"type-product","3":"status-publish","4":"has-post-thumbnail","6":"product_cat-wallbox-ladestationer-da","7":"pa_brand-elinta-charge-da","9":"first","10":"outofstock","11":"sale","12":"taxable","13":"shipping-taxable","14":"purchasable","15":"product-type-simple"},"_links":{"self":[{"href":"https:\/\/chargingshop.eu\/da\/wp-json\/wp\/v2\/product\/1618","targetHints":{"allow":["GET"]}}],"collection":[{"href":"https:\/\/chargingshop.eu\/da\/wp-json\/wp\/v2\/product"}],"about":[{"href":"https:\/\/chargingshop.eu\/da\/wp-json\/wp\/v2\/types\/product"}],"replies":[{"embeddable":true,"href":"https:\/\/chargingshop.eu\/da\/wp-json\/wp\/v2\/comments?post=1618"}],"wp:featuredmedia":[{"embeddable":true,"href":"https:\/\/chargingshop.eu\/da\/wp-json\/wp\/v2\/media\/1619"}],"wp:attachment":[{"href":"https:\/\/chargingshop.eu\/da\/wp-json\/wp\/v2\/media?parent=1618"}],"wp:term":[{"taxonomy":"product_brand","embeddable":true,"href":"https:\/\/chargingshop.eu\/da\/wp-json\/wp\/v2\/product_brand?post=1618"},{"taxonomy":"product_cat","embeddable":true,"href":"https:\/\/chargingshop.eu\/da\/wp-json\/wp\/v2\/product_cat?post=1618"},{"taxonomy":"product_tag","embeddable":true,"href":"https:\/\/chargingshop.eu\/da\/wp-json\/wp\/v2\/product_tag?post=1618"}],"curies":[{"name":"wp","href":"https:\/\/api.w.org\/{rel}","templated":true}]}}