{"id":1615,"date":"2020-01-15T12:25:26","date_gmt":"2020-01-15T12:25:26","guid":{"rendered":"https:\/\/chargingshop.eu\/product\/ensto-efiller-11-kw-3x16a\/"},"modified":"2025-06-19T02:59:57","modified_gmt":"2025-06-19T02:59:57","slug":"ensto-efiller-11-kw-3x16a","status":"publish","type":"product","link":"https:\/\/chargingshop.eu\/da\/vare\/ensto-efiller-11-kw-3x16a\/","title":{"rendered":"ENSTO eFiller &#8211; 11 kW (3x16A)"},"content":{"rendered":"<div class=\"video video-fit mb\" style=\"padding-top:56.25%;\"><p><iframe title=\"Ensto Chago eFill installation\" width=\"1020\" height=\"574\" src=\"https:\/\/www.youtube.com\/embed\/fmbZv7cO4zg?feature=oembed\" frameborder=\"0\" allow=\"accelerometer; autoplay; encrypted-media; gyroscope; picture-in-picture\" allowfullscreen><\/iframe><\/p>\n<\/div>\n<div>Ideel til ethvert milj\u00f8<\/div>\n<div><\/div>\n<div>Kraftig (11 kW) trefaset opladning<\/div>\n<div>Lave livscyklusomkostninger<\/div>\n<div>Perfekt til opladning til hjemmet eller endda til fl\u00e5de for erhvervskunder<\/div>\n<div>V\u00e6rdi fra elegance og holdbarhed<\/div>\n<div><\/div>\n<div>Stilfuldt skandinavisk design<\/div>\n<div>Industrielle komponenter i h\u00f8j kvalitet med elegant og robust aluminiumsstruktur<\/div>\n<div>I fuld overensstemmelse med europ\u00e6iske forskrifter<\/div>\n<div>Nyd en brugervenlig oplevelse<\/div>\n<div><\/div>\n<div>S\u00e6t et kabel &amp; opladning for en nem opladningsoplevelse<\/div>\n<div>Kabell\u00e6ngde &#8211; 4,5 meter<\/div>\n","protected":false},"excerpt":{"rendered":"<p>ENSTO eFiller (model EVH050.02H) &#8211; et kompakt v\u00e6gmonteret ladepunkt med fast ladekabel. Stilfuldt og holdbart design, specielt velegnet til enkel opladning til hjemmet, n\u00e5r det ikke er n\u00f8dvendigt med indbygget overstr\u00f8m og reststr\u00f8mbeskyttelse eller link til backend-systemer.<\/p>\n","protected":false},"featured_media":1608,"comment_status":"open","ping_status":"closed","template":"","meta":[],"product_brand":[],"product_cat":[189],"product_tag":[],"class_list":{"0":"post-1615","1":"product","2":"type-product","3":"status-publish","4":"has-post-thumbnail","6":"product_cat-wallbox-ladestationer-da","7":"pa_brand-ensto-da","9":"first","10":"instock","11":"sale","12":"taxable","13":"shipping-taxable","14":"purchasable","15":"product-type-simple"},"_links":{"self":[{"href":"https:\/\/chargingshop.eu\/da\/wp-json\/wp\/v2\/product\/1615","targetHints":{"allow":["GET"]}}],"collection":[{"href":"https:\/\/chargingshop.eu\/da\/wp-json\/wp\/v2\/product"}],"about":[{"href":"https:\/\/chargingshop.eu\/da\/wp-json\/wp\/v2\/types\/product"}],"replies":[{"embeddable":true,"href":"https:\/\/chargingshop.eu\/da\/wp-json\/wp\/v2\/comments?post=1615"}],"wp:featuredmedia":[{"embeddable":true,"href":"https:\/\/chargingshop.eu\/da\/wp-json\/wp\/v2\/media\/1608"}],"wp:attachment":[{"href":"https:\/\/chargingshop.eu\/da\/wp-json\/wp\/v2\/media?parent=1615"}],"wp:term":[{"taxonomy":"product_brand","embeddable":true,"href":"https:\/\/chargingshop.eu\/da\/wp-json\/wp\/v2\/product_brand?post=1615"},{"taxonomy":"product_cat","embeddable":true,"href":"https:\/\/chargingshop.eu\/da\/wp-json\/wp\/v2\/product_cat?post=1615"},{"taxonomy":"product_tag","embeddable":true,"href":"https:\/\/chargingshop.eu\/da\/wp-json\/wp\/v2\/product_tag?post=1615"}],"curies":[{"name":"wp","href":"https:\/\/api.w.org\/{rel}","templated":true}]}}