{"id":1607,"date":"2020-01-15T13:32:04","date_gmt":"2020-01-15T13:32:04","guid":{"rendered":"https:\/\/chargingshop.eu\/product\/ensto-efiller-rapid-36-kw-1x16a-dk\/"},"modified":"2020-03-19T11:56:14","modified_gmt":"2020-03-19T11:56:14","slug":"ensto-efiller-rapid-36-kw-1x16a-dk","status":"publish","type":"product","link":"https:\/\/chargingshop.eu\/da\/vare\/ensto-efiller-rapid-36-kw-1x16a-dk\/","title":{"rendered":"ENSTO eFiller &#8211; 3,6 kW (1x16A)"},"content":{"rendered":"<div class=\"video video-fit mb\" style=\"padding-top:56.25%;\"><p><iframe title=\"Ensto Chago eFill Rapid\" width=\"1020\" height=\"574\" src=\"https:\/\/www.youtube.com\/embed\/zeFDTl-Fx-k?feature=oembed\" frameborder=\"0\" allow=\"accelerometer; autoplay; encrypted-media; gyroscope; picture-in-picture\" allowfullscreen><\/iframe><\/p>\n<\/div>\n<div>Ideel til ethvert milj\u00f8<\/div>\n<div><\/div>\n<div>3,6 kW enfasetilladning<\/div>\n<div>Lave livscyklusomkostninger<\/div>\n<div>Perfekt til hjemmet med Tricolor indikation LED-lys<\/div>\n<div>Str\u00f8mkilde kan v\u00e6re en stikkontakt &#8211; intet behov for professionel installation! (se venligst installationsvideo)<\/div>\n<div>V\u00e6rdi fra elegance og holdbarhed<\/div>\n<div><\/div>\n<div>Stilfuldt skandinavisk design<\/div>\n<div>Industrielle komponenter af h\u00f8j kvalitet med elegant aluminiumsstruktur<\/div>\n<div>I fuld overensstemmelse med europ\u00e6iske forskrifter<\/div>\n<div>Nyd en brugervenlig oplevelse<\/div>\n<div><\/div>\n<div>S\u00e6t et kabel &amp; opladning for en nem opladningsoplevelse<\/div>\n<div>Kabell\u00e6ngde &#8211; 4,5 meter<\/div>\n","protected":false},"excerpt":{"rendered":"<div>ENSTO eFiller (model EVH020.02H) &#8211; et kompakt v\u00e6gmonteret ladepunkt med fast ladekabel. Stilfuldt og holdbart design, specielt velegnet til enkel opladning til hjemmet, n\u00e5r det ikke er n\u00f8dvendigt med indbygget overstr\u00f8m og reststr\u00f8mbeskyttelse eller link til backend-systemer.<\/div>\n<div><\/div>\n<div>Tricolor indikation LED-lys. En separat holder til opladningsprop kan installeres p\u00e5 v\u00e6ggen. Dette ladepunkt er udstyret med en speciel v\u00e6gbeslag og fast forsyningskabel for hurtig montering. Forsyningskablet kan leveres via CEE 7\/7 stik (&#8220;Schuko&#8221;) eller med industrielt CEE Plug 16A, 5-polet. Bem\u00e6rk, at forsyningsstik ikke leveres med produkts\u00e6ttet.<\/div>\n","protected":false},"featured_media":1608,"comment_status":"open","ping_status":"closed","template":"","meta":[],"product_brand":[],"product_cat":[189],"product_tag":[],"class_list":{"0":"post-1607","1":"product","2":"type-product","3":"status-publish","4":"has-post-thumbnail","6":"product_cat-wallbox-ladestationer-da","7":"pa_brand-ensto-da","9":"first","10":"instock","11":"sale","12":"taxable","13":"shipping-taxable","14":"purchasable","15":"product-type-simple"},"_links":{"self":[{"href":"https:\/\/chargingshop.eu\/da\/wp-json\/wp\/v2\/product\/1607","targetHints":{"allow":["GET"]}}],"collection":[{"href":"https:\/\/chargingshop.eu\/da\/wp-json\/wp\/v2\/product"}],"about":[{"href":"https:\/\/chargingshop.eu\/da\/wp-json\/wp\/v2\/types\/product"}],"replies":[{"embeddable":true,"href":"https:\/\/chargingshop.eu\/da\/wp-json\/wp\/v2\/comments?post=1607"}],"wp:featuredmedia":[{"embeddable":true,"href":"https:\/\/chargingshop.eu\/da\/wp-json\/wp\/v2\/media\/1608"}],"wp:attachment":[{"href":"https:\/\/chargingshop.eu\/da\/wp-json\/wp\/v2\/media?parent=1607"}],"wp:term":[{"taxonomy":"product_brand","embeddable":true,"href":"https:\/\/chargingshop.eu\/da\/wp-json\/wp\/v2\/product_brand?post=1607"},{"taxonomy":"product_cat","embeddable":true,"href":"https:\/\/chargingshop.eu\/da\/wp-json\/wp\/v2\/product_cat?post=1607"},{"taxonomy":"product_tag","embeddable":true,"href":"https:\/\/chargingshop.eu\/da\/wp-json\/wp\/v2\/product_tag?post=1607"}],"curies":[{"name":"wp","href":"https:\/\/api.w.org\/{rel}","templated":true}]}}