{"id":1599,"date":"2020-01-16T14:39:25","date_gmt":"2020-01-16T14:39:25","guid":{"rendered":"https:\/\/chargingshop.eu\/product\/ensto-evb100-asa-22kw-3g-dk\/"},"modified":"2020-03-19T11:17:11","modified_gmt":"2020-03-19T11:17:11","slug":"ensto-evb100-asa-22kw-3g-dk","status":"publish","type":"product","link":"https:\/\/chargingshop.eu\/da\/vare\/ensto-evb100-asa-22kw-3g-dk\/","title":{"rendered":"ENSTO EVB100-ASA 22kW (3G)"},"content":{"rendered":"<div class=\"video video-fit mb\" style=\"padding-top:56.25%;\"><p><iframe title=\"Ensto | Unboxing do carregador Wallbox\" width=\"1020\" height=\"574\" src=\"https:\/\/www.youtube.com\/embed\/wKRpdvzjL4k?feature=oembed\" frameborder=\"0\" allow=\"accelerometer; autoplay; encrypted-media; gyroscope; picture-in-picture\" allowfullscreen><\/iframe><\/p>\n<\/div>\n<div class=\"block comtextblock col-xs-12 col-sm-6 col-md-6 col-half\">\n<div class=\"text-block clearfix\"><\/div>\n<\/div>\n<div class=\"block comtextblock col-xs-12 col-sm-6 col-md-6 col-half\">\n<div class=\"text-block clearfix\">\n<div>Smarte l\u00f8sninger s\u00e6tter din virksomhed f\u00f8rst<\/div>\n<div><\/div>\n<div>Spar penge med fremtidssikre Smart EV-tjenester<\/div>\n<div>Kompatibel med skybaseret fjernstyring af dine ladestationer.<\/div>\n<div><\/div>\n<div>Ideel til ethvert milj\u00f8<\/div>\n<div><\/div>\n<div>Kraftfuld enkelt- eller dobbeltopladning<\/div>\n<div>Lave livscyklusomkostninger<\/div>\n<div>Lave installationsomkostninger (mulighed for montering p\u00e5 v\u00e6ggen)<\/div>\n<div>Velegnet til brug i barske milj\u00f8er &#8211; b\u00e5de indend\u00f8rs eller udend\u00f8rs<\/div>\n<div>Perfekt til detailhandlere, fl\u00e5der, parkeringspladser med mere<\/div>\n<div><\/div>\n<div>V\u00e6rdi fra elegance og holdbarhed<\/div>\n<div><\/div>\n<div>Stilfuldt skandinavisk design, der underst\u00f8tter dit brand<\/div>\n<div>Industrielle komponenter af h\u00f8j kvalitet med en robust st\u00e5lkonstruktion<\/div>\n<div>I fuld overensstemmelse med europ\u00e6iske forskrifter<\/div>\n<div><\/div>\n<div>Nyd en brugervenlig oplevelse<\/div>\n<div><\/div>\n<div>S\u00e6t et kabel &amp; opladning eller ubesv\u00e6ret og sikker brugeridentifikation med RFID eller via App.<\/div>\n<\/div>\n<\/div>\n","protected":false},"excerpt":{"rendered":"<div>ENSTO Wallbox er en modulopl\u00f8sning til enkelt EV-opladning. Dets kompakte og brugervenlige design g\u00f8r det til et perfekt valg til daglig opladning p\u00e5 private, offentlige eller semi-offentlige steder.<\/div>\n<div><\/div>\n<div>Ideel til installationer, hvor en EV-oplader er forbundet til et distributionspanel. ENSTO EVB-serien passer perfekt til store installationer i parkeringspladser, kontorer og ejendomme &#8211; der tilbyder den bedste opladningsoplevelse med smarte tjenester.<\/div>\n","protected":false},"featured_media":1600,"comment_status":"open","ping_status":"closed","template":"","meta":[],"product_brand":[],"product_cat":[189],"product_tag":[],"class_list":{"0":"post-1599","1":"product","2":"type-product","3":"status-publish","4":"has-post-thumbnail","6":"product_cat-wallbox-ladestationer-da","7":"pa_brand-ensto-da","9":"first","10":"instock","11":"sale","12":"taxable","13":"shipping-taxable","14":"purchasable","15":"product-type-simple"},"_links":{"self":[{"href":"https:\/\/chargingshop.eu\/da\/wp-json\/wp\/v2\/product\/1599","targetHints":{"allow":["GET"]}}],"collection":[{"href":"https:\/\/chargingshop.eu\/da\/wp-json\/wp\/v2\/product"}],"about":[{"href":"https:\/\/chargingshop.eu\/da\/wp-json\/wp\/v2\/types\/product"}],"replies":[{"embeddable":true,"href":"https:\/\/chargingshop.eu\/da\/wp-json\/wp\/v2\/comments?post=1599"}],"wp:featuredmedia":[{"embeddable":true,"href":"https:\/\/chargingshop.eu\/da\/wp-json\/wp\/v2\/media\/1600"}],"wp:attachment":[{"href":"https:\/\/chargingshop.eu\/da\/wp-json\/wp\/v2\/media?parent=1599"}],"wp:term":[{"taxonomy":"product_brand","embeddable":true,"href":"https:\/\/chargingshop.eu\/da\/wp-json\/wp\/v2\/product_brand?post=1599"},{"taxonomy":"product_cat","embeddable":true,"href":"https:\/\/chargingshop.eu\/da\/wp-json\/wp\/v2\/product_cat?post=1599"},{"taxonomy":"product_tag","embeddable":true,"href":"https:\/\/chargingshop.eu\/da\/wp-json\/wp\/v2\/product_tag?post=1599"}],"curies":[{"name":"wp","href":"https:\/\/api.w.org\/{rel}","templated":true}]}}