{"id":869,"date":"2016-03-31T14:08:39","date_gmt":"2016-03-31T14:08:39","guid":{"rendered":"https:\/\/chargingshop.eu\/pages\/"},"modified":"2020-02-27T13:19:08","modified_gmt":"2020-02-27T13:19:08","slug":"elektrisk-mobilitet","status":"publish","type":"page","link":"https:\/\/chargingshop.eu\/da\/elektrisk-mobilitet\/","title":{"rendered":"OM SELSKAB"},"content":{"rendered":"\n  <div class=\"banner has-hover\" id=\"banner-1551202282\">\n          <div class=\"banner-inner fill\">\n        <div class=\"banner-bg fill\" >\n            <div class=\"bg fill bg-fill \"><\/div>\n                        <div class=\"overlay\"><\/div>            \n                    <\/div>\n\t\t\n        <div class=\"banner-layers container\">\n            <div class=\"fill banner-link\"><\/div>            \n   <div id=\"text-box-734789523\" class=\"text-box banner-layer x50 md-x50 lg-x50 y50 md-y50 lg-y50 res-text\">\n                                <div class=\"text-box-content text dark text-shadow-3\">\n              \n              <div class=\"text-inner text-center\">\n                   <\/p>\n<h3 class=\"uppercase\"><strong>Vores mission<\/strong><\/h3>\n<p class=\"lead\">Vores mission er at bidrage til den l\u00f8bende overgang mod 100% elektrisk mobilitet, der g\u00f8r EV-opladning tilg\u00e6ngelig som luft &#8211; overalt for alle.<\/p>\n<h3 class=\"uppercase\"><strong> Vores vision <\/strong><\/h3>\n<p class=\"lead\"> Er at blive en st\u00f8rste one stop shop og videnscenter og hj\u00e6lpe enhver EV-driver med at navigere i stadigt skiftende elektrisk mobilitet og smart energisektor <\/p>\n<p>               <\/div>\n           <\/div>\n                            \n<style>\n#text-box-734789523 {\n  width: 60%;\n}\n#text-box-734789523 .text-box-content {\n  font-size: 100%;\n}\n<\/style>\n    <\/div>\n \n        <\/div>\n      <\/div>\n\n            \n<style>\n#banner-1551202282 {\n  padding-top: 496px;\n  background-color: rgb(174, 165, 165);\n}\n#banner-1551202282 .bg.bg-loaded {\n  background-image: 8903;\n}\n#banner-1551202282 .overlay {\n  background-color: rgba(0, 0, 0, 0.06);\n}\n#banner-1551202282 .bg {\n  background-position: 52% 2%;\n}\n#banner-1551202282 .ux-shape-divider--top svg {\n  height: 150px;\n  --divider-top-width: 100%;\n}\n#banner-1551202282 .ux-shape-divider--bottom svg {\n  height: 150px;\n  --divider-width: 100%;\n}\n<\/style>\n  <\/div>\n\n\n<div class=\"container section-title-container\" ><h3 class=\"section-title section-title-center\"><b><\/b><span class=\"section-title-main\" >CHRG Network platform<\/span><b><\/b><\/h3><\/div>\n<div class=\"row\"  id=\"row-892196405\">\n\n\t<div id=\"col-1055055201\" class=\"col medium-6 small-12 large-6\"  >\n\t\t\t\t<div class=\"col-inner\"  >\n\t\t\t\n\t\t\t\n\t<div class=\"img has-hover x md-x lg-x y md-y lg-y\" id=\"image_26259134\">\n\t\t\t\t\t\t\t\t<div class=\"img-inner dark\" >\n\t\t\t<img decoding=\"async\" width=\"800\" height=\"357\" src=\"https:\/\/chargingshop.eu\/wp-content\/uploads\/2020\/01\/green-charging-station_-800x357.jpg\" class=\"attachment-medium size-medium\" alt=\"Green energy ev charging\" srcset=\"https:\/\/chargingshop.eu\/wp-content\/uploads\/2020\/01\/green-charging-station_-800x357.jpg 800w, https:\/\/chargingshop.eu\/wp-content\/uploads\/2020\/01\/green-charging-station_-768x343.jpg 768w, https:\/\/chargingshop.eu\/wp-content\/uploads\/2020\/01\/green-charging-station_-510x228.jpg 510w, https:\/\/chargingshop.eu\/wp-content\/uploads\/2020\/01\/green-charging-station_.jpg 1343w\" sizes=\"(max-width: 800px) 100vw, 800px\" \/>\t\t\t\t\t\t\n\t\t\t\t\t<\/div>\n\t\t\t\t\t\t\t\t\n<style>\n#image_26259134 {\n  width: 100%;\n}\n<\/style>\n\t<\/div>\n\t\n\t\t<\/div>\n\t\t\t\t\t<\/div>\n\n\t\n\n\t<div id=\"col-2044248525\" class=\"col medium-6 small-12 large-6\"  >\n\t\t\t\t<div class=\"col-inner\"  >\n\t\t\t\n\t\t\t\n<h3>We connect automotive and energy industry<\/h3>\n<p>Current energy transition disrupts the status quo. A new green energy source emerges, leading to a structural and permanent change in supply, demand mix and prices.<\/p>\n<p>On a supply side we will have decentralised network of small energy producers. On a demand side we will have total transformation of fossil fuel transport towards a clean vehicles, which are fully powered by electricity.<\/p>\n<p>We are here to empower any person or a company, who wants to contribute to this transition.<\/p>\n<p style=\"text-align: center;\">Let&#8217;s create a people&#8217;s CHRG&#8217;ing network together!<\/p>\n<p style=\"text-align: center;\"><strong>GET IN CHRG!<\/strong><\/p>\n\t\t<\/div>\n\t\t\t\t\t<\/div>\n\n\t\n<\/div>\n","protected":false},"excerpt":{"rendered":"","protected":false},"author":2525,"featured_media":0,"parent":0,"menu_order":18,"comment_status":"closed","ping_status":"closed","template":"page-blank.php","meta":{"footnotes":""},"class_list":["post-869","page","type-page","status-publish","hentry"],"_links":{"self":[{"href":"https:\/\/chargingshop.eu\/da\/wp-json\/wp\/v2\/pages\/869","targetHints":{"allow":["GET"]}}],"collection":[{"href":"https:\/\/chargingshop.eu\/da\/wp-json\/wp\/v2\/pages"}],"about":[{"href":"https:\/\/chargingshop.eu\/da\/wp-json\/wp\/v2\/types\/page"}],"author":[{"embeddable":true,"href":"https:\/\/chargingshop.eu\/da\/wp-json\/wp\/v2\/users\/2525"}],"replies":[{"embeddable":true,"href":"https:\/\/chargingshop.eu\/da\/wp-json\/wp\/v2\/comments?post=869"}],"version-history":[{"count":0,"href":"https:\/\/chargingshop.eu\/da\/wp-json\/wp\/v2\/pages\/869\/revisions"}],"wp:attachment":[{"href":"https:\/\/chargingshop.eu\/da\/wp-json\/wp\/v2\/media?parent=869"}],"curies":[{"name":"wp","href":"https:\/\/api.w.org\/{rel}","templated":true}]}}