{"id":2427,"date":"2020-06-12T08:33:46","date_gmt":"2020-06-12T08:33:46","guid":{"rendered":"https:\/\/chargingshop.eu\/?page_id=2427"},"modified":"2020-06-12T08:39:47","modified_gmt":"2020-06-12T08:39:47","slug":"abb-terra-ac-ladestation","status":"publish","type":"page","link":"https:\/\/chargingshop.eu\/da\/abb-terra-ac-ladestation\/","title":{"rendered":"ABB Terra AC ladestation &#8211; nyt produkt fra branchens f\u00f8rende"},"content":{"rendered":"<h1>ABB Terra AC &#8211; ladestation til hjem og forretning<\/h1>\n<div>ABB har endelig frigivet for at markedsf\u00f8re sin nye TERRA AC ladestation for at im\u00f8dekomme eftersp\u00f8rgslen efter tilsluttet EV-opladning. Denne produktlinie er velegnet til b\u00e5de private hjem og virksomheder. Terra AC ladestation f\u00e5s i 3,7 kW; 7.4kW; 11 kW og 22 kW modeller og sikrer kompatibilitet med elektriske hus nettet i bygninger over hele verden.<\/div>\n<div><\/div>\n<div>Terra AC ladestation er en &#8217;tilsluttet&#8217; ladestation, hvilket betyder, at den er i stand til at f\u00e5 softwareopdateringer via dedikeret telefon app eller eksternt via sky. Dette minimerer et behov for intervenering p\u00e5 stedet.<\/div>\n<div><\/div>\n<div>Hver EV-oplader kan integreres problemfrit med smarte bygningsenergih\u00e5ndterings systemer, s\u00e5 de forh\u00e5ndslaststyrings funktioner er udstyret med energim\u00e5ler. Hver oplader er udstyret med en energim\u00e5ler med indt\u00e6gter. Belastningsafbalancerings funktion forhindrer, at elektrisk sikring spr\u00e6nger, og g\u00f8r det muligt for ejere af hjem og virksomheder at justere effekten af aktiver efter behov for at maksimere ladestyrke og omkostningseffektivitet.<\/div>\n<p>&nbsp;<\/p>\n<div>\n<p>&nbsp;<\/p>\n<figure id=\"attachment_2089\" aria-describedby=\"caption-attachment-2089\" style=\"width: 283px\" class=\"wp-caption alignleft\"><a href=\"https:\/\/chargingshop.eu\/da\/vare\/abb-terra-ac-11-kw-type-2-kabel\/\"><img decoding=\"async\" class=\"wp-image-2089 size-medium\" src=\"https:\/\/chargingshop.eu\/wp-content\/uploads\/2020\/04\/ABB-TERRA-AC-cable-283x400.png\" alt=\"ABB TERRA AC kabel\" width=\"283\" height=\"400\" srcset=\"https:\/\/chargingshop.eu\/wp-content\/uploads\/2020\/04\/ABB-TERRA-AC-cable-283x400.png 283w, https:\/\/chargingshop.eu\/wp-content\/uploads\/2020\/04\/ABB-TERRA-AC-cable-510x720.png 510w, https:\/\/chargingshop.eu\/wp-content\/uploads\/2020\/04\/ABB-TERRA-AC-cable.png 529w\" sizes=\"(max-width: 283px) 100vw, 283px\" \/><\/a><figcaption id=\"caption-attachment-2089\" class=\"wp-caption-text\">ABB Terra AC 11 kW, Type 2 kabel<\/figcaption><\/figure>\n<\/div>\n<div>\n<figure id=\"attachment_2075\" aria-describedby=\"caption-attachment-2075\" style=\"width: 362px\" class=\"wp-caption alignleft\"><a href=\"https:\/\/chargingshop.eu\/da\/vare\/abb-terra-ac-22-kw-type-2-socket\/\"><img decoding=\"async\" class=\"wp-image-2075 size-medium\" src=\"https:\/\/chargingshop.eu\/wp-content\/uploads\/2020\/04\/ABB-Terra-AC-socket-cut-362x400.png\" alt=\"ABB Terra AC ladestation\" width=\"362\" height=\"400\" srcset=\"https:\/\/chargingshop.eu\/wp-content\/uploads\/2020\/04\/ABB-Terra-AC-socket-cut-362x400.png 362w, https:\/\/chargingshop.eu\/wp-content\/uploads\/2020\/04\/ABB-Terra-AC-socket-cut-725x800.png 725w, https:\/\/chargingshop.eu\/wp-content\/uploads\/2020\/04\/ABB-Terra-AC-socket-cut-768x848.png 768w, https:\/\/chargingshop.eu\/wp-content\/uploads\/2020\/04\/ABB-Terra-AC-socket-cut-510x563.png 510w, https:\/\/chargingshop.eu\/wp-content\/uploads\/2020\/04\/ABB-Terra-AC-socket-cut.png 779w\" sizes=\"(max-width: 362px) 100vw, 362px\" \/><\/a><figcaption id=\"caption-attachment-2075\" class=\"wp-caption-text\">ABB Terra AC 22kW socket<\/figcaption><\/figure>\n<\/div>\n<h4><\/h4>\n<h4><\/h4>\n<h4><\/h4>\n<h4><\/h4>\n<h4><\/h4>\n<h4><\/h4>\n<h4><\/h4>\n<h4><\/h4>\n<h4><\/h4>\n<h4><\/h4>\n<h4><\/h4>\n<h4><\/h4>\n<h4>Andre funktioner inkluderer:<\/h4>\n<div>&#8211; Smart tilslutningsmuligheder inklusive wifi, Bluetooth og Ethernet<\/div>\n<div>&#8211; Lille st\u00f8rrelse &#8211; muligg\u00f8r installation p\u00e5 v\u00e6g eller piedestal. Ogs\u00e5 muligt at installere to opladere back-to-back<\/div>\n<div>&#8211; B\u00e5de socket- og kabelversion er tilg\u00e6ngelig, hvilket g\u00f8r opladere kompatible med de fleste EV&#8217;er<\/div>\n<div>&#8211; Fremtidig bevis fleksibilitet<\/div>\n<div>&#8211; Fremtidsklar med software opdateret via bruger app<\/div>\n<div>&#8211; Vandt\u00e6t og st\u00f8vt\u00e6t under barske vejrforhold, der forbedrer oppetid og forl\u00e6nger produktets levetid<\/div>\n<div>&#8211; Integreres med ABB komplement\u00e6re bygningsautomatiseringsl\u00f8sninger<\/div>\n<div>&#8211; Autentificering via RFID eller app giver fleksibilitet til sagsapplikationer til offentlig brug<\/div>\n<div>&#8211; Evalueret og testet af uafh\u00e6ngig tredjepart<\/div>\n<div>&#8211; Aktuel begr\u00e6nsende beskyttelse tillader maksimal ladestyrke uden at udl\u00f8se gener<\/div>\n<div>&#8211; Sikkerhed &#8211; Integreret jordfejl og beskyttelse mod sp\u00e6nding. Sikker at bruge til EV-chauff\u00f8rer og sikker opladning til din bil.<\/div>\n<div>&#8211; 36 m\u00e5neders fabrikantgaranti!<\/div>\n<div>&#8211; enkel installation og fjernelse<\/div>\n<div><\/div>\n<div><\/div>\n<div><\/div>\n<div><\/div>\n<div>Det vil v\u00e6re tilg\u00e6ngeligt for leverancer, der starter i juli 2020 i Nordeuropa og Denmark. Du kan allerede forudbestille din ABB Terra AC oplader via mail &#8211; <em>team@chrg.network<\/em><\/div>\n<div><\/div>\n","protected":false},"excerpt":{"rendered":"<p>ABB Terra AC &#8211; ladestation til hjem og forretning ABB har endelig frigivet for at markedsf\u00f8re sin nye TERRA AC ladestation for at im\u00f8dekomme eftersp\u00f8rgslen efter tilsluttet EV-opladning. Denne produktlinie er velegnet til b\u00e5de private hjem og virksomheder. Terra AC ladestation f\u00e5s i 3,7 kW; 7.4kW; 11 kW og 22 kW modeller og sikrer kompatibilitet [&#8230;]\n","protected":false},"author":1,"featured_media":0,"parent":0,"menu_order":0,"comment_status":"closed","ping_status":"closed","template":"","meta":{"footnotes":""},"class_list":["post-2427","page","type-page","status-publish","hentry"],"_links":{"self":[{"href":"https:\/\/chargingshop.eu\/da\/wp-json\/wp\/v2\/pages\/2427","targetHints":{"allow":["GET"]}}],"collection":[{"href":"https:\/\/chargingshop.eu\/da\/wp-json\/wp\/v2\/pages"}],"about":[{"href":"https:\/\/chargingshop.eu\/da\/wp-json\/wp\/v2\/types\/page"}],"author":[{"embeddable":true,"href":"https:\/\/chargingshop.eu\/da\/wp-json\/wp\/v2\/users\/1"}],"replies":[{"embeddable":true,"href":"https:\/\/chargingshop.eu\/da\/wp-json\/wp\/v2\/comments?post=2427"}],"version-history":[{"count":0,"href":"https:\/\/chargingshop.eu\/da\/wp-json\/wp\/v2\/pages\/2427\/revisions"}],"wp:attachment":[{"href":"https:\/\/chargingshop.eu\/da\/wp-json\/wp\/v2\/media?parent=2427"}],"curies":[{"name":"wp","href":"https:\/\/api.w.org\/{rel}","templated":true}]}}