{"id":1981,"date":"2019-12-27T13:39:54","date_gmt":"2019-12-27T13:39:54","guid":{"rendered":"https:\/\/chargingshop.eu\/why-should-you-buy-electric-vehicle-ev-charging-station\/"},"modified":"2020-04-11T09:41:28","modified_gmt":"2020-04-11T09:41:28","slug":"hvorfor-skal-du-koebe-elbil-ladestation","status":"publish","type":"page","link":"https:\/\/chargingshop.eu\/da\/hvorfor-skal-du-koebe-elbil-ladestation\/","title":{"rendered":"Hvorfor skal du k\u00f8be elbil ladestation?"},"content":{"rendered":"<h3><strong>Hvorfor skal du k\u00f8be elbil ladestation?<\/strong><\/h3>\n<p>&nbsp;<\/p>\n<p>At eje et elektrisk k\u00f8ret\u00f8j er en helt anden oplevelse sammenlignet med at eje en forbr\u00e6ndingsbil (ICE). P\u00e5 grund af begr\u00e6nset r\u00e6kkevidde og det faktum, at det ikke er nemt og billigt at bruge hurtigopladningsstation, b\u00f8r man overveje at installere personlig ladestation i sin garage. Faktisk er det i de fleste af EU-landene ret dyre at bruge offentlige\u00a0Elbil ladestationer . Prisen p\u00e5 elektricitet @ offentlig oplader kan v\u00e6re med 300-400% p\u00e5slag i forhold til den elpris, du betaler derhjemme (fx i Norge betaler du 0,12 eur \/ kwh derhjemme og n\u00e6sten 0,5eur \/ kwh @ offentlig oplader). S\u00e5 din private EV-ladestation vil betale sig meget snart. Men endnu vigtigere er, at du reducerer din r\u00e6kkeviddeangst, da du vil sikre dig, at du hver morgen har n\u00e6sten fuldt opladet batteri i din bil (Bem\u00e6rk, at du kun skal oplade op til 80% af din batterikapacitet for at minimere langsigtet batteriforringelse).<\/p>\n<h3><strong>volt, ampere, kilowatt og faser<\/strong><\/h3>\n<p>Hvis man generelt taler, vil h\u00f8jere volt, ampere eller kilowatt betyder mere elektricitet. Ved beregning af EV-ladestationsomkostninger skal man dog forst\u00e5 forskellene mellem disse vilk\u00e5r.<\/p>\n<p>\u2022 Volt i elektricitetsverdenen er som vandtrykket i r\u00f8ret. En niveau 2-ladestation bruger 220-240 volt stikkontakt (som stikkontakten til dit k\u00f8leskab).<br \/>\n\u2022 Ampere m\u00e5ler flowhastighed. Du kan t\u00e6nke p\u00e5 vandr\u00f8rets diameter og vandm\u00e6ngden, der kommer ud af et r\u00f8r p\u00e5 et givet tidspunkt. De fleste EV-ladestationer leverer 16 eller 32 ampere elektricitet.<br \/>\n\u2022 Kilowatt m\u00e5ler hvor meget str\u00f8m du f\u00e5r, n\u00e5r du multiplicerer volt (tryk) og ampere (volumen).<br \/>\n\u2022 Faser \u2013 Enfaset str\u00f8mforsyning har en s\u00e6rskilt b\u00f8lgecyklus, hvorimod; trefase har tre forskellige b\u00f8lgecyklusser. Enfase kr\u00e6ver, at den enkelte ledning forbinder kredsl\u00f8bet, hvorimod; 3-fase har brug for 3-ledninger. Sp\u00e6ndingen i enkeltfasen er 230V, mens trefasesp\u00e6ndingen er 415V.<br \/>\nHvis du for eksempel v\u00e6lger 16A, 220V x trefaset oplader, leverer den 16x220x3 = 10,56kWh i timen sammenlignet med 7 kwh, som kan leveres i timen fra ev ladestation med 32A og 220V (en fase). Bem\u00e6rk, at Storbritanniens elektriske net ikke underst\u00f8tter 3-fase elektricitet.<br \/>\n\u2022 Alle ladestationer p\u00e5 niveau 2 bruger 220 \u2013 240 volt, hvorfor den vigtigste parameter er forst\u00e6rkere og faser.<\/p>\n<p>&nbsp;<\/p>\n<figure id=\"attachment_336\" aria-describedby=\"caption-attachment-336\" style=\"width: 593px\" class=\"wp-caption alignnone\"><img decoding=\"async\" class=\"wp-image-336 size-medium\" src=\"https:\/\/chargingshop.eu\/wp-content\/uploads\/2019\/12\/Keba_wallbox_privat_20158_RGB-593x400.jpg\" alt=\"elbil ladestation pris\" width=\"593\" height=\"400\" srcset=\"https:\/\/chargingshop.eu\/wp-content\/uploads\/2019\/12\/Keba_wallbox_privat_20158_RGB-593x400.jpg 593w, https:\/\/chargingshop.eu\/wp-content\/uploads\/2019\/12\/Keba_wallbox_privat_20158_RGB-1186x800.jpg 1186w, https:\/\/chargingshop.eu\/wp-content\/uploads\/2019\/12\/Keba_wallbox_privat_20158_RGB-768x518.jpg 768w, https:\/\/chargingshop.eu\/wp-content\/uploads\/2019\/12\/Keba_wallbox_privat_20158_RGB-1536x1036.jpg 1536w, https:\/\/chargingshop.eu\/wp-content\/uploads\/2019\/12\/Keba_wallbox_privat_20158_RGB-2048x1382.jpg 2048w, https:\/\/chargingshop.eu\/wp-content\/uploads\/2019\/12\/Keba_wallbox_privat_20158_RGB-510x344.jpg 510w\" sizes=\"(max-width: 593px) 100vw, 593px\" \/><figcaption id=\"caption-attachment-336\" class=\"wp-caption-text\">elbil ladestation pris<\/figcaption><\/figure>\n<h3><strong>CHRG-netv\u00e6rks r\u00e5dgivning<\/strong><\/h3>\n<p>I tilf\u00e6lde af at du vil bruge ladestation til dine egne midler, vil en enfase 7kw (32A) ladestation v\u00e6re tilstr\u00e6kkelig. Hvis du parkerer din EV 10 timer i l\u00f8bet af natten, vil den selv fylde Tesla-batteriet.<br \/>\nI tilf\u00e6lde af at du overvejer at dele din ladestation med nabo eller andre EV-drivere, skal du ikke n\u00f8jes med mindre end 11 kg. Eller endnu bedre \u2013 v\u00e6lg 22kw ladestation. Det vil levere mere elektricitet p\u00e5 samme tid, hvilket vil sikre bedre l\u00f8nsomhed for dit ladeplads.<\/p>\n<h3>Pris for EV-ladestationer<\/h3>\n<p>Elbil ladestation pris kan variere afh\u00e6ngigt af indbygget kvalitet, str\u00f8mudgang, funktionaliteter osv.<\/p>\n<p>Til cirka 600 euro er prisen for den billigste og mest enkle model. Modeller med 3G, 22kw output, display og andre yderligere funktioner kan dog \u00f8ge omkostningerne til n\u00e6sten 1500 euro. Du skal ogs\u00e5 huske p\u00e5 omkostningerne ved installation. Afh\u00e6ngig af kravene til din installation og pris for elektriker-service i dit omr\u00e5de, kan installationen starte fra et par hundrede euro.<\/p>\n<p>Heldigvis er det billigere at starte op med en ladestation end at k\u00f8be traditionelt br\u00e6ndstof. Faktisk kan du spare flere tusinde euro om \u00e5ret ved at k\u00f8re en EV. Over tid vil du v\u00e6re i stand til at betale omkostningerne ved ladestationen, is\u00e6r hvis du kombinerer din EV med tagterrasse.<\/p>\n","protected":false},"excerpt":{"rendered":"<p>Hvorfor skal du k\u00f8be elbil ladestation? &nbsp; At eje et elektrisk k\u00f8ret\u00f8j er en helt anden oplevelse sammenlignet med at eje en forbr\u00e6ndingsbil (ICE). P\u00e5 grund af begr\u00e6nset r\u00e6kkevidde og det faktum, at det ikke er nemt og billigt at bruge hurtigopladningsstation, b\u00f8r man overveje at installere personlig ladestation i sin garage. Faktisk er det [&#8230;]\n","protected":false},"author":1,"featured_media":0,"parent":0,"menu_order":0,"comment_status":"closed","ping_status":"closed","template":"","meta":{"footnotes":""},"class_list":["post-1981","page","type-page","status-publish","hentry"],"_links":{"self":[{"href":"https:\/\/chargingshop.eu\/da\/wp-json\/wp\/v2\/pages\/1981","targetHints":{"allow":["GET"]}}],"collection":[{"href":"https:\/\/chargingshop.eu\/da\/wp-json\/wp\/v2\/pages"}],"about":[{"href":"https:\/\/chargingshop.eu\/da\/wp-json\/wp\/v2\/types\/page"}],"author":[{"embeddable":true,"href":"https:\/\/chargingshop.eu\/da\/wp-json\/wp\/v2\/users\/1"}],"replies":[{"embeddable":true,"href":"https:\/\/chargingshop.eu\/da\/wp-json\/wp\/v2\/comments?post=1981"}],"version-history":[{"count":0,"href":"https:\/\/chargingshop.eu\/da\/wp-json\/wp\/v2\/pages\/1981\/revisions"}],"wp:attachment":[{"href":"https:\/\/chargingshop.eu\/da\/wp-json\/wp\/v2\/media?parent=1981"}],"curies":[{"name":"wp","href":"https:\/\/api.w.org\/{rel}","templated":true}]}}