{"id":1944,"date":"2020-04-02T09:29:38","date_gmt":"2020-04-02T09:29:38","guid":{"rendered":"https:\/\/chargingshop.eu\/b2b-offering-for-electrical-service-companies\/"},"modified":"2025-06-22T03:21:41","modified_gmt":"2025-06-22T03:21:41","slug":"b2b-offering-for-elektriker","status":"publish","type":"page","link":"https:\/\/chargingshop.eu\/da\/b2b-offering-for-elektriker\/","title":{"rendered":"B2B salg for Elektriker"},"content":{"rendered":"<h1>B2B salg for Elektriker<\/h1>\n<p>&nbsp;<\/p>\n<p><strong><em>Har du en El-forretning eller er du elektriker og vil du gerne s\u00e6lge el-lader til elbil?<\/em><\/strong><\/p>\n<p>Du laver det du er bedst til, at installere el-komponenter ude hos dine kunder. Lad os bringe dig nye ordrer i dit omr\u00e5de! Disse ordrer kommer fra private elbil-ejere s\u00e5vel som erhvervskunder.<\/p>\n<p>&nbsp;<\/p>\n<div><img decoding=\"async\" class=\"alignnone wp-image-1929 size-medium\" src=\"https:\/\/chargingshop.eu\/wp-content\/uploads\/2020\/04\/Inside-EV_im-Installation-898x505-1-711x400.jpg\" alt=\"Elektriker\" width=\"711\" height=\"400\" srcset=\"https:\/\/chargingshop.eu\/wp-content\/uploads\/2020\/04\/Inside-EV_im-Installation-898x505-1-711x400.jpg 711w, https:\/\/chargingshop.eu\/wp-content\/uploads\/2020\/04\/Inside-EV_im-Installation-898x505-1-768x432.jpg 768w, https:\/\/chargingshop.eu\/wp-content\/uploads\/2020\/04\/Inside-EV_im-Installation-898x505-1-510x287.jpg 510w, https:\/\/chargingshop.eu\/wp-content\/uploads\/2020\/04\/Inside-EV_im-Installation-898x505-1.jpg 898w\" sizes=\"(max-width: 711px) 100vw, 711px\" \/><\/div>\n<div><\/div>\n<h4><strong>Vi tilbyder to forskellige m\u00e5der at samarbejde p\u00e5:<\/strong><\/h4>\n<p>1. Vi viser din virksomhed p\u00e5 vores side som foresl\u00e5et udbyder af elektriske tjenester i dit omr\u00e5de. N\u00e5r vi har solgt ladestation i dit omr\u00e5de, vil vi sende vores kunde til dig til elektrisk installation.<\/p>\n<p>2. Din virksomhed tilbyder vores stationer til DIN kunde. Vi vil give dig et bredt udvalg af ladestationer (st\u00f8rre chance for at du kan lukke salget) med en gunstig rabatordning. P\u00e5 denne m\u00e5de beh\u00f8ver du ikke at stole p\u00e5 en enkelt m\u00e6rkeleverand\u00f8r. Du kan v\u00e6re sikker p\u00e5 at have de nyeste produkter i dit tilbud, der matcher dine slutkunders behov. P\u00e5 denne m\u00e5de er det ikke n\u00f8dvendigt at opbevare produkter p\u00e5 dit lager.<\/p>\n<p>&nbsp;<\/p>\n<div><\/div>\n<h4>Vores unikke s\u00e6lgende forslag &#8211; Vores ladestation administrations styringssystem &#8216;CHRG NETWORK&#8217;<\/h4>\n<div>\n<figure id=\"attachment_393\" aria-describedby=\"caption-attachment-393\" style=\"width: 537px\" class=\"wp-caption alignnone\"><img decoding=\"async\" class=\"size-medium wp-image-393\" src=\"https:\/\/chargingshop.eu\/wp-content\/uploads\/2019\/12\/Dashboard-537x400.png\" alt=\"CHRG Network\" width=\"537\" height=\"400\" srcset=\"https:\/\/chargingshop.eu\/wp-content\/uploads\/2019\/12\/Dashboard-537x400.png 537w, https:\/\/chargingshop.eu\/wp-content\/uploads\/2019\/12\/Dashboard-768x572.png 768w, https:\/\/chargingshop.eu\/wp-content\/uploads\/2019\/12\/Dashboard-510x380.png 510w, https:\/\/chargingshop.eu\/wp-content\/uploads\/2019\/12\/Dashboard.png 982w\" sizes=\"(max-width: 537px) 100vw, 537px\" \/><figcaption id=\"caption-attachment-393\" class=\"wp-caption-text\"><em>station owners dashboard<\/em><\/figcaption><\/figure>\n<div><\/div>\n<p>For dine kunder giver vi adgang til vores system GRATIS<\/p>\n<p>CHRG Netv\u00e6rkssystem hj\u00e6lper slutkunden med at reducere sin elregning med op til 1000-1500 dkk \/ \u00e5r *<\/p>\n<p>For erhvervskunder giver vores system mulighed for at liste &amp; automatisk indsamle betalinger p\u00e5 ladestationsmarkedet. Hvor alle CHRG-netv\u00e6rk og andre udbydere App-brugere kan finde, starte \/ stoppe og betale for opladningssession ved hj\u00e6lp af personlig smarttelefon.<\/p>\n<p>Dette er en dejlig bonus for din kunde, som de ikke f\u00e5r fra anden leverand\u00f8r!<\/p>\n<p>Lad os samarbejde &#8211; sammen giver vi det bedste tilbud til slutkunden!<\/p>\n<h6>* forudsat at EV-chauff\u00f8ren oplader mindst 2 timer hver dag mellem 17:00 og 22:00. Med funktionen &#8216;Peak barbering&#8217; aktiveret vil han kunne spare 100 Dkk \/ m\u00e5ned eller 1200 Dkk \/ \u00e5r (n\u00e5r aften \/ nat kWh-hastighed er 0,11 Dkk \/ kWh)<\/h6>\n<\/div>\n","protected":false},"excerpt":{"rendered":"<p>B2B salg for Elektriker &nbsp; Har du en El-forretning eller er du elektriker og vil du gerne s\u00e6lge el-lader til elbil? Du laver det du er bedst til, at installere el-komponenter ude hos dine kunder. Lad os bringe dig nye ordrer i dit omr\u00e5de! Disse ordrer kommer fra private elbil-ejere s\u00e5vel som erhvervskunder. &nbsp; Vi [&#8230;]\n","protected":false},"author":1,"featured_media":0,"parent":0,"menu_order":0,"comment_status":"closed","ping_status":"closed","template":"","meta":{"footnotes":""},"class_list":["post-1944","page","type-page","status-publish","hentry"],"_links":{"self":[{"href":"https:\/\/chargingshop.eu\/da\/wp-json\/wp\/v2\/pages\/1944","targetHints":{"allow":["GET"]}}],"collection":[{"href":"https:\/\/chargingshop.eu\/da\/wp-json\/wp\/v2\/pages"}],"about":[{"href":"https:\/\/chargingshop.eu\/da\/wp-json\/wp\/v2\/types\/page"}],"author":[{"embeddable":true,"href":"https:\/\/chargingshop.eu\/da\/wp-json\/wp\/v2\/users\/1"}],"replies":[{"embeddable":true,"href":"https:\/\/chargingshop.eu\/da\/wp-json\/wp\/v2\/comments?post=1944"}],"version-history":[{"count":0,"href":"https:\/\/chargingshop.eu\/da\/wp-json\/wp\/v2\/pages\/1944\/revisions"}],"wp:attachment":[{"href":"https:\/\/chargingshop.eu\/da\/wp-json\/wp\/v2\/media?parent=1944"}],"curies":[{"name":"wp","href":"https:\/\/api.w.org\/{rel}","templated":true}]}}